{"id":933,"date":"2025-02-11T17:23:06","date_gmt":"2025-02-11T12:23:06","guid":{"rendered":"https:\/\/hazarmerjeni.travel\/?page_id=933"},"modified":"2025-03-03T20:04:58","modified_gmt":"2025-03-03T15:04:58","slug":"transport-information","status":"publish","type":"page","link":"https:\/\/hazarmerjeni.travel\/fr\/informations-sur-les-transports\/","title":{"rendered":"Informations sur le transport"},"content":{"rendered":"<div data-elementor-type=\"wp-page\" data-elementor-id=\"933\" class=\"elementor elementor-933\" data-elementor-post-type=\"page\">\n\t\t\t\t<div class=\"elementor-element elementor-element-1fa29d1d e-flex e-con-boxed e-con e-parent\" data-id=\"1fa29d1d\" data-element_type=\"container\" data-settings=\"{&quot;background_background&quot;:&quot;classic&quot;}\">\n\t\t\t\t\t<div class=\"e-con-inner\">\n\t\t<div class=\"elementor-element elementor-element-3ea97a48 e-con-full e-flex e-con e-child\" data-id=\"3ea97a48\" data-element_type=\"container\" data-settings=\"{&quot;background_background&quot;:&quot;classic&quot;}\">\n\t\t<div class=\"elementor-element elementor-element-664300ef e-con-full e-flex e-con e-child\" data-id=\"664300ef\" data-element_type=\"container\" data-settings=\"{&quot;background_background&quot;:&quot;classic&quot;}\">\n\t\t\t\t<div class=\"elementor-element elementor-element-70cb7b94 elementor-widget-divider--view-line_text elementor-widget-divider--element-align-center elementor-invisible elementor-widget elementor-widget-divider\" data-id=\"70cb7b94\" data-element_type=\"widget\" data-settings=\"{&quot;_animation&quot;:&quot;fadeInUp&quot;}\" data-widget_type=\"divider.default\">\n\t\t\t\t<div class=\"elementor-widget-container\">\n\t\t\t\t\t\t\t<div class=\"elementor-divider\">\n\t\t\t<span class=\"elementor-divider-separator\">\n\t\t\t\t\t\t\t<h1 class=\"elementor-divider__text elementor-divider__element\">\n\t\t\t\tInformations sur le transport\t\t\t\t<\/h1>\n\t\t\t\t\t\t<\/span>\n\t\t<\/div>\n\t\t\t\t\t\t<\/div>\n\t\t\t\t<\/div>\n\t\t\t\t<div class=\"elementor-element elementor-element-d4ea366 elementor-widget elementor-widget-text-editor\" data-id=\"d4ea366\" data-element_type=\"widget\" data-widget_type=\"text-editor.default\">\n\t\t\t\t<div class=\"elementor-widget-container\">\n\t\t\t\t\t\t\t\t\t<p><strong>Transport avec l'agence de voyage Hazar Merjeni<\/strong><\/p><p>\u00c0 l'agence de voyage Hazar Merjeni, nous accordons la priorit\u00e9 au confort, \u00e0 la s\u00e9curit\u00e9 et \u00e0 la fiabilit\u00e9 dans tous nos circuits. Notre flotte de v\u00e9hicules modernes est con\u00e7ue pour assurer un voyage agr\u00e9able et sans heurts pendant que vous explorez les paysages \u00e9poustouflants et les tr\u00e9sors culturels du Turkm\u00e9nistan.<\/p><p><strong>Nos v\u00e9hicules :<\/strong><br \/><strong>Toyota Sienna<\/strong> - Un monospace spacieux et confortable, id\u00e9al pour les petits groupes et les familles. Avec sa conduite souple et son grand espace pour les jambes, la Sienna garantit une exp\u00e9rience de voyage relaxante.<\/p><p><strong>Mitsubishi Pajero<\/strong> - Un SUV puissant et robuste, parfait pour les aventures tout-terrain et l'exploration des divers terrains du Turkm\u00e9nistan. Que vous vous rendiez dans le d\u00e9sert de Karakum ou sur des sites historiques recul\u00e9s, le Pajero vous offre une conduite fiable et passionnante.<\/p><p><strong>Toyota Land Cruiser Prado<\/strong> - Connu pour sa durabilit\u00e9 et son confort, ce SUV est bien adapt\u00e9 aux tourn\u00e9es en ville et aux exp\u00e9ditions tout-terrain. Sa suspension avanc\u00e9e et ses performances solides en font un excellent choix pour les longs trajets.<\/p><p><strong>Toyota Hiace<\/strong> - Un minibus spacieux et efficace, id\u00e9al pour les grands groupes. Dot\u00e9 de si\u00e8ges confortables et de la climatisation, le Hiace est parfait pour les longs trajets et les excursions en groupe.<\/p><p>Avec l'agence de voyage Hazar Merjeni, vous pouvez vous d\u00e9tendre et profiter de votre voyage pendant que nous nous occupons du transport. Nos chauffeurs exp\u00e9riment\u00e9s et nos v\u00e9hicules bien entretenus vous garantissent un voyage s\u00fbr et agr\u00e9able \u00e0 chaque \u00e9tape.<\/p><p>R\u00e9servez votre aventure avec nous et explorez le Turkm\u00e9nistan dans le confort et le style !<\/p>\t\t\t\t\t\t\t\t<\/div>\n\t\t\t\t<\/div>\n\t\t\t\t<div class=\"elementor-element elementor-element-26da6fd elementor-widget elementor-widget-gallery\" data-id=\"26da6fd\" data-element_type=\"widget\" data-settings=\"{&quot;gallery_layout&quot;:&quot;masonry&quot;,&quot;columns_mobile&quot;:2,&quot;overlay_title&quot;:&quot;title&quot;,&quot;lazyload&quot;:&quot;yes&quot;,&quot;columns&quot;:4,&quot;columns_tablet&quot;:2,&quot;gap&quot;:{&quot;unit&quot;:&quot;px&quot;,&quot;size&quot;:10,&quot;sizes&quot;:[]},&quot;gap_tablet&quot;:{&quot;unit&quot;:&quot;px&quot;,&quot;size&quot;:10,&quot;sizes&quot;:[]},&quot;gap_mobile&quot;:{&quot;unit&quot;:&quot;px&quot;,&quot;size&quot;:10,&quot;sizes&quot;:[]},&quot;link_to&quot;:&quot;file&quot;,&quot;overlay_background&quot;:&quot;yes&quot;,&quot;content_hover_animation&quot;:&quot;fade-in&quot;}\" data-widget_type=\"gallery.default\">\n\t\t\t\t<div class=\"elementor-widget-container\">\n\t\t\t\t\t\t\t<div class=\"elementor-gallery__container\">\n\t\t\t\t\t\t\t<a class=\"e-gallery-item elementor-gallery-item elementor-animated-content\" href=\"https:\/\/hazarmerjeni.travel\/wp-content\/uploads\/2025\/02\/5-1-scaled.jpg\" data-elementor-open-lightbox=\"yes\" data-elementor-lightbox-slideshow=\"26da6fd\" data-elementor-lightbox-title=\"Toyota Sienna\" data-e-action-hash=\"#elementor-action%3Aaction%3Dlightbox%26settings%3DeyJpZCI6MTIzMywidXJsIjoiaHR0cHM6XC9cL2hhemFybWVyamVuaS50cmF2ZWxcL3dwLWNvbnRlbnRcL3VwbG9hZHNcLzIwMjVcLzAyXC81LTEtc2NhbGVkLmpwZyIsInNsaWRlc2hvdyI6IjI2ZGE2ZmQifQ%3D%3D\">\n\t\t\t\t\t<div class=\"e-gallery-image elementor-gallery-item__image\" data-thumbnail=\"https:\/\/hazarmerjeni.travel\/wp-content\/uploads\/2025\/02\/5-1-576x1024.jpg\" data-width=\"576\" data-height=\"1024\" aria-label=\"\" role=\"img\" ><\/div>\n\t\t\t\t\t\t\t\t\t\t\t<div class=\"elementor-gallery-item__overlay\"><\/div>\n\t\t\t\t\t\t\t\t\t\t\t\t\t\t\t<div class=\"elementor-gallery-item__content\">\n\t\t\t\t\t\t\t\t\t\t\t\t\t\t<div class=\"elementor-gallery-item__title\">\n\t\t\t\t\t\t\t\t\t\t\t\t\t\t\t\t\t\tToyota Sienna\t\t\t\t\t\t\t\t<\/div>\n\t\t\t\t\t\t\t\t\t\t\t\t<\/div>\n\t\t\t\t\t\t\t\t\t<\/a>\n\t\t\t\t\t\t\t<a class=\"e-gallery-item elementor-gallery-item elementor-animated-content\" href=\"https:\/\/hazarmerjeni.travel\/wp-content\/uploads\/2025\/02\/6-scaled.jpg\" data-elementor-open-lightbox=\"yes\" data-elementor-lightbox-slideshow=\"26da6fd\" data-elementor-lightbox-title=\"Mitsubishi Pajero\" data-e-action-hash=\"#elementor-action%3Aaction%3Dlightbox%26settings%3DeyJpZCI6MTIzNCwidXJsIjoiaHR0cHM6XC9cL2hhemFybWVyamVuaS50cmF2ZWxcL3dwLWNvbnRlbnRcL3VwbG9hZHNcLzIwMjVcLzAyXC82LXNjYWxlZC5qcGciLCJzbGlkZXNob3ciOiIyNmRhNmZkIn0%3D\">\n\t\t\t\t\t<div class=\"e-gallery-image elementor-gallery-item__image\" data-thumbnail=\"https:\/\/hazarmerjeni.travel\/wp-content\/uploads\/2025\/02\/6-576x1024.jpg\" data-width=\"576\" data-height=\"1024\" aria-label=\"\" role=\"img\" ><\/div>\n\t\t\t\t\t\t\t\t\t\t\t<div class=\"elementor-gallery-item__overlay\"><\/div>\n\t\t\t\t\t\t\t\t\t\t\t\t\t\t\t<div class=\"elementor-gallery-item__content\">\n\t\t\t\t\t\t\t\t\t\t\t\t\t\t<div class=\"elementor-gallery-item__title\">\n\t\t\t\t\t\t\t\t\t\t\t\t\t\t\t\t\t\tMitsubishi Pajero\t\t\t\t\t\t\t\t<\/div>\n\t\t\t\t\t\t\t\t\t\t\t\t<\/div>\n\t\t\t\t\t\t\t\t\t<\/a>\n\t\t\t\t\t\t\t<a class=\"e-gallery-item elementor-gallery-item elementor-animated-content\" href=\"https:\/\/hazarmerjeni.travel\/wp-content\/uploads\/2025\/02\/7-scaled.jpg\" data-elementor-open-lightbox=\"yes\" data-elementor-lightbox-slideshow=\"26da6fd\" data-elementor-lightbox-title=\"Toyota Land Cruiser Prado\" data-e-action-hash=\"#elementor-action%3Aaction%3Dlightbox%26settings%3DeyJpZCI6MTIzNSwidXJsIjoiaHR0cHM6XC9cL2hhemFybWVyamVuaS50cmF2ZWxcL3dwLWNvbnRlbnRcL3VwbG9hZHNcLzIwMjVcLzAyXC83LXNjYWxlZC5qcGciLCJzbGlkZXNob3ciOiIyNmRhNmZkIn0%3D\">\n\t\t\t\t\t<div class=\"e-gallery-image elementor-gallery-item__image\" data-thumbnail=\"https:\/\/hazarmerjeni.travel\/wp-content\/uploads\/2025\/02\/7-576x1024.jpg\" data-width=\"576\" data-height=\"1024\" aria-label=\"\" role=\"img\" ><\/div>\n\t\t\t\t\t\t\t\t\t\t\t<div class=\"elementor-gallery-item__overlay\"><\/div>\n\t\t\t\t\t\t\t\t\t\t\t\t\t\t\t<div class=\"elementor-gallery-item__content\">\n\t\t\t\t\t\t\t\t\t\t\t\t\t\t<div class=\"elementor-gallery-item__title\">\n\t\t\t\t\t\t\t\t\t\t\t\t\t\t\t\t\t\tToyota Land Cruiser Prado\t\t\t\t\t\t\t\t<\/div>\n\t\t\t\t\t\t\t\t\t\t\t\t<\/div>\n\t\t\t\t\t\t\t\t\t<\/a>\n\t\t\t\t\t\t\t<a class=\"e-gallery-item elementor-gallery-item elementor-animated-content\" href=\"https:\/\/hazarmerjeni.travel\/wp-content\/uploads\/2025\/02\/8-scaled.jpg\" data-elementor-open-lightbox=\"yes\" data-elementor-lightbox-slideshow=\"26da6fd\" data-elementor-lightbox-title=\"Toyota Hiace\" data-e-action-hash=\"#elementor-action%3Aaction%3Dlightbox%26settings%3DeyJpZCI6MTIzNiwidXJsIjoiaHR0cHM6XC9cL2hhemFybWVyamVuaS50cmF2ZWxcL3dwLWNvbnRlbnRcL3VwbG9hZHNcLzIwMjVcLzAyXC84LXNjYWxlZC5qcGciLCJzbGlkZXNob3ciOiIyNmRhNmZkIn0%3D\">\n\t\t\t\t\t<div class=\"e-gallery-image elementor-gallery-item__image\" data-thumbnail=\"https:\/\/hazarmerjeni.travel\/wp-content\/uploads\/2025\/02\/8-576x1024.jpg\" data-width=\"576\" data-height=\"1024\" aria-label=\"\" role=\"img\" ><\/div>\n\t\t\t\t\t\t\t\t\t\t\t<div class=\"elementor-gallery-item__overlay\"><\/div>\n\t\t\t\t\t\t\t\t\t\t\t\t\t\t\t<div class=\"elementor-gallery-item__content\">\n\t\t\t\t\t\t\t\t\t\t\t\t\t\t<div class=\"elementor-gallery-item__title\">\n\t\t\t\t\t\t\t\t\t\t\t\t\t\t\t\t\t\tToyota Hiace\t\t\t\t\t\t\t\t<\/div>\n\t\t\t\t\t\t\t\t\t\t\t\t<\/div>\n\t\t\t\t\t\t\t\t\t<\/a>\n\t\t\t\t\t<\/div>\n\t\t\t\t\t<\/div>\n\t\t\t\t<\/div>\n\t\t\t\t<\/div>\n\t\t\t\t<\/div>\n\t\t\t\t\t<\/div>\n\t\t\t\t<\/div>\n\t\t\t\t<\/div>","protected":false},"excerpt":{"rendered":"<p>Transport avec l'agence de voyage Hazar Merjeni L'agence de voyage Hazar Merjeni accorde la priorit\u00e9 au confort, \u00e0 la s\u00e9curit\u00e9 et \u00e0 la fiabilit\u00e9 dans tous ses voyages. Notre flotte de v\u00e9hicules modernes est con\u00e7ue pour vous offrir un voyage agr\u00e9able et sans encombre pendant que vous explorez les paysages \u00e9poustouflants et les tr\u00e9sors culturels du Turkm\u00e9nistan. Nos v\u00e9hicules:Toyota Sienna - Un monospace spacieux et confortable, [...]<\/p>","protected":false},"author":1,"featured_media":0,"parent":0,"menu_order":0,"comment_status":"closed","ping_status":"closed","template":"","meta":{"_acf_changed":false,"_seopress_robots_primary_cat":"","_seopress_titles_title":"Transport Information for Turkmenistan Tours \u2013 Travel with Ease","_seopress_titles_desc":"Get all the transport information you need for your Turkmenistan adventure. We ensure a smooth and comfortable journey. Plan your trip today!","_seopress_robots_index":"","footnotes":""},"class_list":["post-933","page","type-page","status-publish","hentry"],"acf":[],"_links":{"self":[{"href":"https:\/\/hazarmerjeni.travel\/fr\/wp-json\/wp\/v2\/pages\/933","targetHints":{"allow":["GET"]}}],"collection":[{"href":"https:\/\/hazarmerjeni.travel\/fr\/wp-json\/wp\/v2\/pages"}],"about":[{"href":"https:\/\/hazarmerjeni.travel\/fr\/wp-json\/wp\/v2\/types\/page"}],"author":[{"embeddable":true,"href":"https:\/\/hazarmerjeni.travel\/fr\/wp-json\/wp\/v2\/users\/1"}],"replies":[{"embeddable":true,"href":"https:\/\/hazarmerjeni.travel\/fr\/wp-json\/wp\/v2\/comments?post=933"}],"version-history":[{"count":21,"href":"https:\/\/hazarmerjeni.travel\/fr\/wp-json\/wp\/v2\/pages\/933\/revisions"}],"predecessor-version":[{"id":1249,"href":"https:\/\/hazarmerjeni.travel\/fr\/wp-json\/wp\/v2\/pages\/933\/revisions\/1249"}],"wp:attachment":[{"href":"https:\/\/hazarmerjeni.travel\/fr\/wp-json\/wp\/v2\/media?parent=933"}],"curies":[{"name":"wp","href":"https:\/\/api.w.org\/{rel}","templated":true}]}}