{"id":929,"date":"2025-02-11T17:19:29","date_gmt":"2025-02-11T12:19:29","guid":{"rendered":"https:\/\/hazarmerjeni.travel\/?page_id=929"},"modified":"2025-03-03T20:07:48","modified_gmt":"2025-03-03T15:07:48","slug":"useful-information","status":"publish","type":"page","link":"https:\/\/hazarmerjeni.travel\/fr\/informations-utiles\/","title":{"rendered":"Informations utiles"},"content":{"rendered":"<div data-elementor-type=\"wp-page\" data-elementor-id=\"929\" class=\"elementor elementor-929\" data-elementor-post-type=\"page\">\n\t\t\t\t<div class=\"elementor-element elementor-element-90426b0 e-flex e-con-boxed e-con e-parent\" data-id=\"90426b0\" data-element_type=\"container\" data-settings=\"{&quot;background_background&quot;:&quot;classic&quot;}\">\n\t\t\t\t\t<div class=\"e-con-inner\">\n\t\t<div class=\"elementor-element elementor-element-4796f871 e-con-full e-flex e-con e-child\" data-id=\"4796f871\" data-element_type=\"container\" data-settings=\"{&quot;background_background&quot;:&quot;classic&quot;}\">\n\t\t<div class=\"elementor-element elementor-element-3f713819 e-con-full e-flex e-con e-child\" data-id=\"3f713819\" data-element_type=\"container\" data-settings=\"{&quot;background_background&quot;:&quot;classic&quot;}\">\n\t\t\t\t<div class=\"elementor-element elementor-element-2e279827 elementor-widget-divider--view-line_text elementor-widget-divider--element-align-center elementor-invisible elementor-widget elementor-widget-divider\" data-id=\"2e279827\" data-element_type=\"widget\" data-settings=\"{&quot;_animation&quot;:&quot;fadeInUp&quot;}\" data-widget_type=\"divider.default\">\n\t\t\t\t<div class=\"elementor-widget-container\">\n\t\t\t\t\t\t\t<div class=\"elementor-divider\">\n\t\t\t<span class=\"elementor-divider-separator\">\n\t\t\t\t\t\t\t<h1 class=\"elementor-divider__text elementor-divider__element\">\n\t\t\t\tInformations utiles\t\t\t\t<\/h1>\n\t\t\t\t\t\t<\/span>\n\t\t<\/div>\n\t\t\t\t\t\t<\/div>\n\t\t\t\t<\/div>\n\t\t<div class=\"elementor-element elementor-element-6aa05d3a e-con-full e-flex elementor-invisible e-con e-child\" data-id=\"6aa05d3a\" data-element_type=\"container\" data-settings=\"{&quot;animation&quot;:&quot;fadeInUp&quot;}\">\n\t\t\t\t<div class=\"elementor-element elementor-element-63e9e9c5 elementor-widget elementor-widget-text-editor\" data-id=\"63e9e9c5\" data-element_type=\"widget\" data-widget_type=\"text-editor.default\">\n\t\t\t\t<div class=\"elementor-widget-container\">\n\t\t\t\t\t\t\t\t\t<p><strong>Proc\u00e9dure pour remplir la d\u00e9claration !<\/strong><\/p><p>Chers touristes !<\/p><p>Se familiariser \u00e0 l'avance avec la proc\u00e9dure \u00e0 suivre pour remplir la d\u00e9claration de douane facilitera votre passage au poste de contr\u00f4le du Turkm\u00e9nistan !\u00a0\u00a0<a href=\"https:\/\/customs.gov.tm\/ru\/customs-info\/for-individuals\" target=\"_blank\" rel=\"noopener\">Ce lien renvoie au site officiel du service national des douanes du Turkm\u00e9nistan.<\/a>.<\/p><p><b>R\u00e8gles douani\u00e8res<\/b><\/p><p>Chers touristes !<\/p><p>En suivant ce lien vers le site officiel du Service national des douanes du Turkm\u00e9nistan, vous aurez l'occasion d'\u00e9tudier plus en d\u00e9tail les r\u00e8gles relatives \u00e0 l'importation et \u00e0 l'exportation de marchandises, de m\u00e9dicaments, etc.<\/p>\t\t\t\t\t\t\t\t<\/div>\n\t\t\t\t<\/div>\n\t\t\t\t<\/div>\n\t\t\t\t<\/div>\n\t\t\t\t<\/div>\n\t\t\t\t\t<\/div>\n\t\t\t\t<\/div>\n\t\t\t\t<\/div>","protected":false},"excerpt":{"rendered":"<p>Proc\u00e9dure pour remplir la d\u00e9claration ! Chers touristes ! En vous familiarisant \u00e0 l'avance avec la proc\u00e9dure \u00e0 suivre pour remplir la d\u00e9claration de douane, vous faciliterez votre passage au poste de contr\u00f4le du Turkm\u00e9nistan !  Ce lien renvoie au site officiel du Service national des douanes du Turkm\u00e9nistan. R\u00e8gles douani\u00e8res Chers touristes ! En suivant ce lien vers le site officiel du [...]<\/p>","protected":false},"author":1,"featured_media":0,"parent":0,"menu_order":0,"comment_status":"closed","ping_status":"closed","template":"","meta":{"_acf_changed":false,"_seopress_robots_primary_cat":"","_seopress_titles_title":"Useful Information for Turkmenistan Tours \u2013 Travel Tips & Guides","_seopress_titles_desc":"Get all the essential travel information for your Turkmenistan tour. Our guide ensures a smooth and enjoyable trip. Plan your adventure with confidence!","_seopress_robots_index":"","footnotes":""},"class_list":["post-929","page","type-page","status-publish","hentry"],"acf":[],"_links":{"self":[{"href":"https:\/\/hazarmerjeni.travel\/fr\/wp-json\/wp\/v2\/pages\/929","targetHints":{"allow":["GET"]}}],"collection":[{"href":"https:\/\/hazarmerjeni.travel\/fr\/wp-json\/wp\/v2\/pages"}],"about":[{"href":"https:\/\/hazarmerjeni.travel\/fr\/wp-json\/wp\/v2\/types\/page"}],"author":[{"embeddable":true,"href":"https:\/\/hazarmerjeni.travel\/fr\/wp-json\/wp\/v2\/users\/1"}],"replies":[{"embeddable":true,"href":"https:\/\/hazarmerjeni.travel\/fr\/wp-json\/wp\/v2\/comments?post=929"}],"version-history":[{"count":6,"href":"https:\/\/hazarmerjeni.travel\/fr\/wp-json\/wp\/v2\/pages\/929\/revisions"}],"predecessor-version":[{"id":1169,"href":"https:\/\/hazarmerjeni.travel\/fr\/wp-json\/wp\/v2\/pages\/929\/revisions\/1169"}],"wp:attachment":[{"href":"https:\/\/hazarmerjeni.travel\/fr\/wp-json\/wp\/v2\/media?parent=929"}],"curies":[{"name":"wp","href":"https:\/\/api.w.org\/{rel}","templated":true}]}}