{"id":887,"date":"2025-02-11T16:14:52","date_gmt":"2025-02-11T11:14:52","guid":{"rendered":"https:\/\/hazarmerjeni.travel\/?page_id=887"},"modified":"2025-03-03T16:28:03","modified_gmt":"2025-03-03T11:28:03","slug":"entertainment-and-activities","status":"publish","type":"page","link":"https:\/\/hazarmerjeni.travel\/fr\/divertissements-et-activites\/","title":{"rendered":"Divertissements et activit\u00e9s"},"content":{"rendered":"<div data-elementor-type=\"wp-page\" data-elementor-id=\"887\" class=\"elementor elementor-887\" data-elementor-post-type=\"page\">\n\t\t\t\t<div data-dce-background-overlay-color=\"#00000047\" data-dce-background-image-url=\"https:\/\/hazarmerjeni.travel\/wp-content\/uploads\/2025\/02\/pic_1_new.jpg\" class=\"elementor-element elementor-element-4362a8c0 e-flex e-con-boxed e-con e-parent\" data-id=\"4362a8c0\" data-element_type=\"container\" data-settings=\"{&quot;background_background&quot;:&quot;classic&quot;}\">\n\t\t\t\t\t<div class=\"e-con-inner\">\n\t\t<div class=\"elementor-element elementor-element-5e3582a5 e-con-full e-flex e-con e-child\" data-id=\"5e3582a5\" data-element_type=\"container\" data-settings=\"{&quot;background_background&quot;:&quot;classic&quot;}\">\n\t\t\t\t<div class=\"elementor-element elementor-element-561f22c1 elementor-widget-divider--view-line_text elementor-widget-divider--element-align-center elementor-invisible elementor-widget elementor-widget-divider\" data-id=\"561f22c1\" data-element_type=\"widget\" data-settings=\"{&quot;_animation&quot;:&quot;fadeInRight&quot;}\" data-widget_type=\"divider.default\">\n\t\t\t\t<div class=\"elementor-widget-container\">\n\t\t\t\t\t\t\t<div class=\"elementor-divider\">\n\t\t\t<span class=\"elementor-divider-separator\">\n\t\t\t\t\t\t\t<h1 class=\"elementor-divider__text elementor-divider__element\">\n\t\t\t\tDivertissements et \u00e9v\u00e9nements au Turkm\u00e9nistan\t\t\t\t<\/h1>\n\t\t\t\t\t\t<\/span>\n\t\t<\/div>\n\t\t\t\t\t\t<\/div>\n\t\t\t\t<\/div>\n\t\t<div class=\"elementor-element elementor-element-460cee0d e-con-full e-flex e-con e-child\" data-id=\"460cee0d\" data-element_type=\"container\">\n\t\t<div class=\"elementor-element elementor-element-38aa5486 e-con-full e-flex elementor-invisible e-con e-child\" data-id=\"38aa5486\" data-element_type=\"container\" data-settings=\"{&quot;animation&quot;:&quot;fadeInLeft&quot;,&quot;background_background&quot;:&quot;classic&quot;}\">\n\t\t<div data-dce-background-color=\"#0201016B\" class=\"elementor-element elementor-element-7adc3d83 e-con-full e-flex e-con e-child\" data-id=\"7adc3d83\" data-element_type=\"container\" data-settings=\"{&quot;background_background&quot;:&quot;classic&quot;}\">\n\t\t\t\t<div class=\"elementor-element elementor-element-26cbb255 elementor-widget elementor-widget-text-editor\" data-id=\"26cbb255\" data-element_type=\"widget\" data-widget_type=\"text-editor.default\">\n\t\t\t\t<div class=\"elementor-widget-container\">\n\t\t\t\t\t\t\t\t\tDes festivals color\u00e9s aux spectacles culturels, le Turkm\u00e9nistan offre une sc\u00e8ne de divertissement vivante et inoubliable. Profitez de festivals de th\u00e9\u00e2tre, de cin\u00e9ma et de musique de classe mondiale, ou c\u00e9l\u00e9brez des \u00e9v\u00e9nements traditionnels tels que Novruz Bayram, empreints de joie et d'h\u00e9ritage. Explorez des parcs nationaux \u00e0 couper le souffle, des sources thermales et des plages immacul\u00e9es, parfaits pour des aventures en plein air. N'oubliez pas de visiter les march\u00e9s locaux, o\u00f9 vous pourrez acheter des tapis tiss\u00e9s \u00e0 la main, des textiles en soie et des souvenirs uniques. Que vous recherchiez la culture, la nature ou l'excitation, le Turkm\u00e9nistan a quelque chose \u00e0 offrir \u00e0 chacun. Venez faire l'exp\u00e9rience de son esprit vibrant !\t\t\t\t\t\t\t\t<\/div>\n\t\t\t\t<\/div>\n\t\t\t\t<\/div>\n\t\t\t\t<\/div>\n\t\t\t\t<\/div>\n\t\t\t\t<\/div>\n\t\t\t\t\t<\/div>\n\t\t\t\t<\/div>\n\t\t<div class=\"elementor-element elementor-element-9856d80 e-flex e-con-boxed e-con e-parent\" data-id=\"9856d80\" data-element_type=\"container\" data-settings=\"{&quot;background_background&quot;:&quot;classic&quot;}\">\n\t\t\t\t\t<div class=\"e-con-inner\">\n\t\t<div class=\"elementor-element elementor-element-5bbd1164 e-con-full e-flex elementor-invisible e-con e-child\" data-id=\"5bbd1164\" data-element_type=\"container\" data-settings=\"{&quot;animation&quot;:&quot;fadeInUp&quot;}\">\n\t\t<div class=\"elementor-element elementor-element-45897d0b e-con-full e-flex e-con e-child\" data-id=\"45897d0b\" data-element_type=\"container\">\n\t\t\t\t<div class=\"elementor-element elementor-element-756a3f34 elementor-widget elementor-widget-image\" data-id=\"756a3f34\" data-element_type=\"widget\" data-widget_type=\"image.default\">\n\t\t\t\t<div class=\"elementor-widget-container\">\n\t\t\t\t\t\t\t\t\t\t\t\t\t\t\t<img alt=\"\" fetchpriority=\"high\" decoding=\"async\" width=\"800\" height=\"533\" src=\"https:\/\/hazarmerjeni.travel\/wp-content\/uploads\/2025\/02\/0c9c1309-453b-41ca-9529-066910bb.jpg\" class=\"attachment-large size-large wp-image-889\" srcset=\"https:\/\/hazarmerjeni.travel\/wp-content\/uploads\/2025\/02\/0c9c1309-453b-41ca-9529-066910bb.jpg 800w, https:\/\/hazarmerjeni.travel\/wp-content\/uploads\/2025\/02\/0c9c1309-453b-41ca-9529-066910bb-300x200.jpg 300w, https:\/\/hazarmerjeni.travel\/wp-content\/uploads\/2025\/02\/0c9c1309-453b-41ca-9529-066910bb-768x512.jpg 768w\" sizes=\"(max-width: 800px) 100vw, 800px\" \/>\t\t\t\t\t\t\t\t\t\t\t\t\t\t\t<\/div>\n\t\t\t\t<\/div>\n\t\t\t\t<\/div>\n\t\t<div class=\"elementor-element elementor-element-786a5a01 e-con-full e-flex e-con e-child\" data-id=\"786a5a01\" data-element_type=\"container\">\n\t\t\t\t<div class=\"elementor-element elementor-element-4aa97c0a elementor-widget elementor-widget-image\" data-id=\"4aa97c0a\" data-element_type=\"widget\" data-widget_type=\"image.default\">\n\t\t\t\t<div class=\"elementor-widget-container\">\n\t\t\t\t\t\t\t\t\t\t\t\t\t\t\t<img alt=\"\" decoding=\"async\" width=\"800\" height=\"534\" src=\"https:\/\/hazarmerjeni.travel\/wp-content\/uploads\/2025\/02\/balich-bws-asian-games-aimag-ope-1024x683.jpg\" class=\"attachment-large size-large wp-image-894\" srcset=\"https:\/\/hazarmerjeni.travel\/wp-content\/uploads\/2025\/02\/balich-bws-asian-games-aimag-ope-1024x683.jpg 1024w, https:\/\/hazarmerjeni.travel\/wp-content\/uploads\/2025\/02\/balich-bws-asian-games-aimag-ope-300x200.jpg 300w, https:\/\/hazarmerjeni.travel\/wp-content\/uploads\/2025\/02\/balich-bws-asian-games-aimag-ope-768x512.jpg 768w, https:\/\/hazarmerjeni.travel\/wp-content\/uploads\/2025\/02\/balich-bws-asian-games-aimag-ope-1536x1024.jpg 1536w, https:\/\/hazarmerjeni.travel\/wp-content\/uploads\/2025\/02\/balich-bws-asian-games-aimag-ope.jpg 1800w\" sizes=\"(max-width: 800px) 100vw, 800px\" \/>\t\t\t\t\t\t\t\t\t\t\t\t\t\t\t<\/div>\n\t\t\t\t<\/div>\n\t\t\t\t<\/div>\n\t\t<div class=\"elementor-element elementor-element-76f73fd5 e-con-full elementor-hidden-mobile e-flex e-con e-child\" data-id=\"76f73fd5\" data-element_type=\"container\">\n\t\t\t\t<div class=\"elementor-element elementor-element-7ada904d elementor-widget elementor-widget-image\" data-id=\"7ada904d\" data-element_type=\"widget\" data-widget_type=\"image.default\">\n\t\t\t\t<div class=\"elementor-widget-container\">\n\t\t\t\t\t\t\t\t\t\t\t\t\t\t\t<img alt=\"\" decoding=\"async\" width=\"800\" height=\"534\" src=\"https:\/\/hazarmerjeni.travel\/wp-content\/uploads\/2025\/02\/4712670.jpg\" class=\"attachment-large size-large wp-image-892\" srcset=\"https:\/\/hazarmerjeni.travel\/wp-content\/uploads\/2025\/02\/4712670.jpg 1024w, https:\/\/hazarmerjeni.travel\/wp-content\/uploads\/2025\/02\/4712670-300x200.jpg 300w, https:\/\/hazarmerjeni.travel\/wp-content\/uploads\/2025\/02\/4712670-768x512.jpg 768w\" sizes=\"(max-width: 800px) 100vw, 800px\" \/>\t\t\t\t\t\t\t\t\t\t\t\t\t\t\t<\/div>\n\t\t\t\t<\/div>\n\t\t\t\t<\/div>\n\t\t<div class=\"elementor-element elementor-element-ba695c0 e-con-full elementor-hidden-mobile e-flex e-con e-child\" data-id=\"ba695c0\" data-element_type=\"container\">\n\t\t\t\t<div class=\"elementor-element elementor-element-1da5ba03 elementor-widget elementor-widget-image\" data-id=\"1da5ba03\" data-element_type=\"widget\" data-widget_type=\"image.default\">\n\t\t\t\t<div class=\"elementor-widget-container\">\n\t\t\t\t\t\t\t\t\t\t\t\t\t\t\t<img alt=\"\" loading=\"lazy\" decoding=\"async\" width=\"800\" height=\"534\" src=\"https:\/\/hazarmerjeni.travel\/wp-content\/uploads\/2025\/02\/131124-0007-1024x683.jpg\" class=\"attachment-large size-large wp-image-891\" srcset=\"https:\/\/hazarmerjeni.travel\/wp-content\/uploads\/2025\/02\/131124-0007-1024x683.jpg 1024w, https:\/\/hazarmerjeni.travel\/wp-content\/uploads\/2025\/02\/131124-0007-300x200.jpg 300w, https:\/\/hazarmerjeni.travel\/wp-content\/uploads\/2025\/02\/131124-0007-768x512.jpg 768w, https:\/\/hazarmerjeni.travel\/wp-content\/uploads\/2025\/02\/131124-0007.jpg 1200w\" sizes=\"(max-width: 800px) 100vw, 800px\" \/>\t\t\t\t\t\t\t\t\t\t\t\t\t\t\t<\/div>\n\t\t\t\t<\/div>\n\t\t\t\t<\/div>\n\t\t\t\t<\/div>\n\t\t<div class=\"elementor-element elementor-element-5ad393d8 e-con-full e-flex e-con e-child\" data-id=\"5ad393d8\" data-element_type=\"container\" data-settings=\"{&quot;background_background&quot;:&quot;classic&quot;}\">\n\t\t\t\t<div class=\"elementor-element elementor-element-b11501a elementor-widget-divider--view-line_text elementor-widget-divider--element-align-center elementor-invisible elementor-widget elementor-widget-divider\" data-id=\"b11501a\" data-element_type=\"widget\" data-settings=\"{&quot;_animation&quot;:&quot;fadeInUp&quot;}\" data-widget_type=\"divider.default\">\n\t\t\t\t<div class=\"elementor-widget-container\">\n\t\t\t\t\t\t\t<div class=\"elementor-divider\">\n\t\t\t<span class=\"elementor-divider-separator\">\n\t\t\t\t\t\t\t<h2 class=\"elementor-divider__text elementor-divider__element\">\n\t\t\t\tD\u00e9couvrez le dynamisme des divertissements et des \u00e9v\u00e9nements du Turkm\u00e9nistan !\t\t\t\t<\/h2>\n\t\t\t\t\t\t<\/span>\n\t\t<\/div>\n\t\t\t\t\t\t<\/div>\n\t\t\t\t<\/div>\n\t\t<div class=\"elementor-element elementor-element-3747aec7 e-con-full e-flex e-con e-child\" data-id=\"3747aec7\" data-element_type=\"container\">\n\t\t<div class=\"elementor-element elementor-element-4b5ea77 e-con-full e-flex elementor-invisible e-con e-child\" data-id=\"4b5ea77\" data-element_type=\"container\" data-settings=\"{&quot;animation&quot;:&quot;fadeInUp&quot;}\">\n\t\t\t\t<div class=\"elementor-element elementor-element-2a748873 elementor-widget elementor-widget-text-editor\" data-id=\"2a748873\" data-element_type=\"widget\" data-widget_type=\"text-editor.default\">\n\t\t\t\t<div class=\"elementor-widget-container\">\n\t\t\t\t\t\t\t\t\t<p>Le Turkm\u00e9nistan est une destination dynamique qui offre un m\u00e9lange unique de culture, de divertissement, de shopping et de beaut\u00e9 naturelle. Que vous exploriez ses festivals anim\u00e9s, ses march\u00e9s en pleine effervescence ou ses paysages \u00e0 couper le souffle, ce pays vous promet une exp\u00e9rience inoubliable. Planifiez votre visite et plongez-vous dans ses riches traditions et son hospitalit\u00e9 chaleureuse !<\/p><p><strong>Divertissement<\/strong><\/p><p>Le Turkm\u00e9nistan accueille un grand nombre d'\u00e9v\u00e9nements culturels et de divertissements, notamment des th\u00e9\u00e2tres, des cin\u00e9mas, des concerts et des festivals. Parmi les \u00e9v\u00e9nements annuels les plus notables du pays figurent le Festival international du film, le Festival international du th\u00e9\u00e2tre et le Concours d'art folklorique du Turkm\u00e9nistan. La f\u00eate de Novruz Bayram, largement c\u00e9l\u00e9br\u00e9e, attire des visiteurs du monde entier, offrant un aper\u00e7u des traditions profond\u00e9ment enracin\u00e9es et des festivit\u00e9s joyeuses du pays.<\/p><p>Pour les amateurs de plein air, le Turkm\u00e9nistan poss\u00e8de des sources d'eau chaude, des eaux min\u00e9rales, des plages immacul\u00e9es et des parcs nationaux, parfaits pour se d\u00e9tendre et renouer avec la nature loin de l'agitation de la ville.<\/p><p><strong>Achats<\/strong><\/p><p>Le Turkm\u00e9nistan est mondialement connu pour ses textiles et son tissage de tapis, offrant de superbes tapis tiss\u00e9s \u00e0 la main, des tissus de soie et des articles de maroquinerie. Une visite au march\u00e9 central d'Ashgabat s'impose, o\u00f9 vous trouverez une grande vari\u00e9t\u00e9 de souvenirs, de v\u00eatements nationaux, de bijoux et de produits en soie exquis.<\/p><p>Ne manquez pas les embl\u00e9matiques bottes turkm\u00e8nes, une pi\u00e8ce embl\u00e9matique de la tenue nationale, disponibles dans les magasins de la ville. Que vous soyez \u00e0 la recherche d'un souvenir \u00e9l\u00e9gant ou d'un morceau d'histoire, la sc\u00e8ne commerciale du Turkm\u00e9nistan a de quoi satisfaire tout le monde !<\/p>\t\t\t\t\t\t\t\t<\/div>\n\t\t\t\t<\/div>\n\t\t\t\t<\/div>\n\t\t\t\t<\/div>\n\t\t\t\t<\/div>\n\t\t<div class=\"elementor-element elementor-element-34727be1 e-con-full e-flex elementor-invisible e-con e-child\" data-id=\"34727be1\" data-element_type=\"container\" data-settings=\"{&quot;animation&quot;:&quot;fadeInUp&quot;}\">\n\t\t<div class=\"elementor-element elementor-element-5a9c22b9 e-con-full e-flex e-con e-child\" data-id=\"5a9c22b9\" data-element_type=\"container\">\n\t\t\t\t<div class=\"elementor-element elementor-element-46b36b8c elementor-widget elementor-widget-image\" data-id=\"46b36b8c\" data-element_type=\"widget\" data-widget_type=\"image.default\">\n\t\t\t\t<div class=\"elementor-widget-container\">\n\t\t\t\t\t\t\t\t\t\t\t\t\t\t\t<img alt=\"\" loading=\"lazy\" decoding=\"async\" width=\"700\" height=\"466\" src=\"https:\/\/hazarmerjeni.travel\/wp-content\/uploads\/2025\/02\/Galkynysh-ceremony-Arkadag-1.jpg\" class=\"attachment-large size-large wp-image-895\" srcset=\"https:\/\/hazarmerjeni.travel\/wp-content\/uploads\/2025\/02\/Galkynysh-ceremony-Arkadag-1.jpg 700w, https:\/\/hazarmerjeni.travel\/wp-content\/uploads\/2025\/02\/Galkynysh-ceremony-Arkadag-1-300x200.jpg 300w\" sizes=\"(max-width: 700px) 100vw, 700px\" \/>\t\t\t\t\t\t\t\t\t\t\t\t\t\t\t<\/div>\n\t\t\t\t<\/div>\n\t\t\t\t<\/div>\n\t\t<div class=\"elementor-element elementor-element-47a9d9b3 e-con-full e-flex e-con e-child\" data-id=\"47a9d9b3\" data-element_type=\"container\">\n\t\t\t\t<div class=\"elementor-element elementor-element-581549a1 elementor-widget elementor-widget-image\" data-id=\"581549a1\" data-element_type=\"widget\" data-widget_type=\"image.default\">\n\t\t\t\t<div class=\"elementor-widget-container\">\n\t\t\t\t\t\t\t\t\t\t\t\t\t\t\t<img alt=\"\" loading=\"lazy\" decoding=\"async\" width=\"800\" height=\"447\" src=\"https:\/\/hazarmerjeni.travel\/wp-content\/uploads\/2025\/02\/09jpgjpg.jpg\" class=\"attachment-large size-large wp-image-890\" srcset=\"https:\/\/hazarmerjeni.travel\/wp-content\/uploads\/2025\/02\/09jpgjpg.jpg 1024w, https:\/\/hazarmerjeni.travel\/wp-content\/uploads\/2025\/02\/09jpgjpg-300x168.jpg 300w, https:\/\/hazarmerjeni.travel\/wp-content\/uploads\/2025\/02\/09jpgjpg-768x429.jpg 768w\" sizes=\"(max-width: 800px) 100vw, 800px\" \/>\t\t\t\t\t\t\t\t\t\t\t\t\t\t\t<\/div>\n\t\t\t\t<\/div>\n\t\t\t\t<\/div>\n\t\t<div class=\"elementor-element elementor-element-359a40c6 e-con-full elementor-hidden-mobile e-flex e-con e-child\" data-id=\"359a40c6\" data-element_type=\"container\">\n\t\t\t\t<div class=\"elementor-element elementor-element-5ba124db elementor-widget elementor-widget-image\" data-id=\"5ba124db\" data-element_type=\"widget\" data-widget_type=\"image.default\">\n\t\t\t\t<div class=\"elementor-widget-container\">\n\t\t\t\t\t\t\t\t\t\t\t\t\t\t\t<img alt=\"\" loading=\"lazy\" decoding=\"async\" width=\"800\" height=\"420\" src=\"https:\/\/hazarmerjeni.travel\/wp-content\/uploads\/2025\/02\/18012025-003-1024x538.jpg\" class=\"attachment-large size-large wp-image-893\" srcset=\"https:\/\/hazarmerjeni.travel\/wp-content\/uploads\/2025\/02\/18012025-003-1024x538.jpg 1024w, https:\/\/hazarmerjeni.travel\/wp-content\/uploads\/2025\/02\/18012025-003-300x158.jpg 300w, https:\/\/hazarmerjeni.travel\/wp-content\/uploads\/2025\/02\/18012025-003-768x404.jpg 768w, https:\/\/hazarmerjeni.travel\/wp-content\/uploads\/2025\/02\/18012025-003.jpg 1200w\" sizes=\"(max-width: 800px) 100vw, 800px\" \/>\t\t\t\t\t\t\t\t\t\t\t\t\t\t\t<\/div>\n\t\t\t\t<\/div>\n\t\t\t\t<\/div>\n\t\t<div class=\"elementor-element elementor-element-50a3e541 e-con-full elementor-hidden-mobile e-flex e-con e-child\" data-id=\"50a3e541\" data-element_type=\"container\">\n\t\t\t\t<div class=\"elementor-element elementor-element-6fade9a0 elementor-widget elementor-widget-image\" data-id=\"6fade9a0\" data-element_type=\"widget\" data-widget_type=\"image.default\">\n\t\t\t\t<div class=\"elementor-widget-container\">\n\t\t\t\t\t\t\t\t\t\t\t\t\t\t\t<img alt=\"\" loading=\"lazy\" decoding=\"async\" width=\"800\" height=\"534\" src=\"https:\/\/hazarmerjeni.travel\/wp-content\/uploads\/2025\/02\/pic_1_new.jpg\" class=\"attachment-large size-large wp-image-888\" srcset=\"https:\/\/hazarmerjeni.travel\/wp-content\/uploads\/2025\/02\/pic_1_new.jpg 1000w, https:\/\/hazarmerjeni.travel\/wp-content\/uploads\/2025\/02\/pic_1_new-300x200.jpg 300w, https:\/\/hazarmerjeni.travel\/wp-content\/uploads\/2025\/02\/pic_1_new-768x512.jpg 768w\" sizes=\"(max-width: 800px) 100vw, 800px\" \/>\t\t\t\t\t\t\t\t\t\t\t\t\t\t\t<\/div>\n\t\t\t\t<\/div>\n\t\t\t\t<\/div>\n\t\t\t\t<\/div>\n\t\t\t\t\t<\/div>\n\t\t\t\t<\/div>\n\t\t\t\t<\/div>","protected":false},"excerpt":{"rendered":"<p>Divertissements et \u00e9v\u00e9nements au Turkm\u00e9nistan Des festivals color\u00e9s aux spectacles culturels, le Turkm\u00e9nistan offre une sc\u00e8ne de divertissement vivante et inoubliable. Profitez de festivals de th\u00e9\u00e2tre, de cin\u00e9ma et de musique de classe mondiale, ou c\u00e9l\u00e9brez des \u00e9v\u00e9nements traditionnels comme le Novruz Bayram, empreint de joie et d'h\u00e9ritage. Explorez des parcs nationaux \u00e0 couper le souffle, des sources d'eau chaude et des plages immacul\u00e9es, parfaits pour des aventures en plein air. N'oubliez pas de visiter [...]<\/p>","protected":false},"author":1,"featured_media":0,"parent":0,"menu_order":0,"comment_status":"closed","ping_status":"closed","template":"","meta":{"_acf_changed":false,"_seopress_robots_primary_cat":"","_seopress_titles_title":"Entertainment & Activities in Turkmenistan \u2013 Best Things to Do","_seopress_titles_desc":"Discover the best entertainment and activities in Turkmenistan! From cultural performances to outdoor adventures, our travel agency helps you experience the top attractions. Plan your trip today!","_seopress_robots_index":"","footnotes":""},"class_list":["post-887","page","type-page","status-publish","hentry"],"acf":[],"_links":{"self":[{"href":"https:\/\/hazarmerjeni.travel\/fr\/wp-json\/wp\/v2\/pages\/887","targetHints":{"allow":["GET"]}}],"collection":[{"href":"https:\/\/hazarmerjeni.travel\/fr\/wp-json\/wp\/v2\/pages"}],"about":[{"href":"https:\/\/hazarmerjeni.travel\/fr\/wp-json\/wp\/v2\/types\/page"}],"author":[{"embeddable":true,"href":"https:\/\/hazarmerjeni.travel\/fr\/wp-json\/wp\/v2\/users\/1"}],"replies":[{"embeddable":true,"href":"https:\/\/hazarmerjeni.travel\/fr\/wp-json\/wp\/v2\/comments?post=887"}],"version-history":[{"count":15,"href":"https:\/\/hazarmerjeni.travel\/fr\/wp-json\/wp\/v2\/pages\/887\/revisions"}],"predecessor-version":[{"id":1219,"href":"https:\/\/hazarmerjeni.travel\/fr\/wp-json\/wp\/v2\/pages\/887\/revisions\/1219"}],"wp:attachment":[{"href":"https:\/\/hazarmerjeni.travel\/fr\/wp-json\/wp\/v2\/media?parent=887"}],"curies":[{"name":"wp","href":"https:\/\/api.w.org\/{rel}","templated":true}]}}