{"id":767,"date":"2025-02-11T13:19:48","date_gmt":"2025-02-11T07:19:48","guid":{"rendered":"https:\/\/hazarmerjeni.travel\/?page_id=767"},"modified":"2025-03-03T20:05:51","modified_gmt":"2025-03-03T15:05:51","slug":"turkmen-cuisine","status":"publish","type":"page","link":"https:\/\/hazarmerjeni.travel\/fr\/cuisine-turkmene\/","title":{"rendered":"Cuisine turkm\u00e8ne"},"content":{"rendered":"<div data-elementor-type=\"wp-page\" data-elementor-id=\"767\" class=\"elementor elementor-767\" data-elementor-post-type=\"page\">\n\t\t\t\t<div data-dce-background-overlay-color=\"#00000047\" data-dce-background-image-url=\"https:\/\/hazarmerjeni.travel\/wp-content\/uploads\/2025\/02\/turkmenistan-cuisine.jpg\" class=\"elementor-element elementor-element-62bc1c93 e-flex e-con-boxed e-con e-parent\" data-id=\"62bc1c93\" data-element_type=\"container\" data-settings=\"{&quot;background_background&quot;:&quot;classic&quot;}\">\n\t\t\t\t\t<div class=\"e-con-inner\">\n\t\t<div class=\"elementor-element elementor-element-57ec8c50 e-con-full e-flex e-con e-child\" data-id=\"57ec8c50\" data-element_type=\"container\" data-settings=\"{&quot;background_background&quot;:&quot;classic&quot;}\">\n\t\t\t\t<div class=\"elementor-element elementor-element-f1c96c1 elementor-widget-divider--view-line_text elementor-widget-divider--element-align-center elementor-invisible elementor-widget elementor-widget-divider\" data-id=\"f1c96c1\" data-element_type=\"widget\" data-settings=\"{&quot;_animation&quot;:&quot;fadeInRight&quot;}\" data-widget_type=\"divider.default\">\n\t\t\t\t<div class=\"elementor-widget-container\">\n\t\t\t\t\t\t\t<div class=\"elementor-divider\">\n\t\t\t<span class=\"elementor-divider-separator\">\n\t\t\t\t\t\t\t<h1 class=\"elementor-divider__text elementor-divider__element\">\n\t\t\t\tCuisine turkm\u00e8ne\t\t\t\t<\/h1>\n\t\t\t\t\t\t<\/span>\n\t\t<\/div>\n\t\t\t\t\t\t<\/div>\n\t\t\t\t<\/div>\n\t\t<div class=\"elementor-element elementor-element-53b90b23 e-con-full e-flex e-con e-child\" data-id=\"53b90b23\" data-element_type=\"container\">\n\t\t<div class=\"elementor-element elementor-element-4a1e4f27 e-con-full e-flex elementor-invisible e-con e-child\" data-id=\"4a1e4f27\" data-element_type=\"container\" data-settings=\"{&quot;animation&quot;:&quot;fadeInLeft&quot;,&quot;background_background&quot;:&quot;classic&quot;}\">\n\t\t<div data-dce-background-color=\"#0201016B\" class=\"elementor-element elementor-element-455d10ef e-con-full e-flex e-con e-child\" data-id=\"455d10ef\" data-element_type=\"container\" data-settings=\"{&quot;background_background&quot;:&quot;classic&quot;}\">\n\t\t\t\t<div class=\"elementor-element elementor-element-7d09fb82 elementor-widget elementor-widget-text-editor\" data-id=\"7d09fb82\" data-element_type=\"widget\" data-widget_type=\"text-editor.default\">\n\t\t\t\t<div class=\"elementor-widget-container\">\n\t\t\t\t\t\t\t\t\t<p>Embarquez pour un voyage culinaire au Turkm\u00e9nistan, o\u00f9 les riches traditions et les saveurs audacieuses se retrouvent dans chaque plat. Savourez l'ar\u00f4me du plov, un copieux plat de riz et de viande cuit sur un feu ouvert, ou r\u00e9chauffez-vous avec des soupes savoureuses comme la shorba. D\u00e9lectez-vous des succulentes brochettes, des tendres manti et du pain chorek fra\u00eechement cuit. Chaque bouch\u00e9e offre un aper\u00e7u de la culture turkm\u00e8ne, \u00e9labor\u00e9e avec amour et tradition. Ne manquez pas l'occasion d'explorer le monde d\u00e9licieux de la cuisine turkm\u00e8ne - vos papilles vous remercieront !<\/p>\t\t\t\t\t\t\t\t<\/div>\n\t\t\t\t<\/div>\n\t\t\t\t<\/div>\n\t\t\t\t<\/div>\n\t\t<div class=\"elementor-element elementor-element-268afc86 e-con-full e-flex elementor-invisible e-con e-child\" data-id=\"268afc86\" data-element_type=\"container\" data-settings=\"{&quot;animation&quot;:&quot;fadeInRight&quot;}\">\n\t\t<div class=\"elementor-element elementor-element-c55fc4a e-con-full e-flex elementor-invisible e-con e-child\" data-id=\"c55fc4a\" data-element_type=\"container\" data-settings=\"{&quot;animation&quot;:&quot;fadeInUp&quot;}\">\n\t\t\t\t<div class=\"elementor-element elementor-element-09cd8f1 elementor-arrows-position-inside elementor-pagination-position-outside elementor-widget elementor-widget-image-carousel\" data-id=\"09cd8f1\" data-element_type=\"widget\" data-settings=\"{&quot;slides_to_show&quot;:&quot;2&quot;,&quot;slides_to_scroll&quot;:&quot;1&quot;,&quot;lazyload&quot;:&quot;yes&quot;,&quot;slides_to_show_mobile&quot;:&quot;1&quot;,&quot;navigation&quot;:&quot;both&quot;,&quot;autoplay&quot;:&quot;yes&quot;,&quot;pause_on_hover&quot;:&quot;yes&quot;,&quot;pause_on_interaction&quot;:&quot;yes&quot;,&quot;autoplay_speed&quot;:5000,&quot;infinite&quot;:&quot;yes&quot;,&quot;speed&quot;:500,&quot;image_spacing_custom&quot;:{&quot;unit&quot;:&quot;px&quot;,&quot;size&quot;:20,&quot;sizes&quot;:[]},&quot;image_spacing_custom_tablet&quot;:{&quot;unit&quot;:&quot;px&quot;,&quot;size&quot;:&quot;&quot;,&quot;sizes&quot;:[]}}\" data-widget_type=\"image-carousel.default\">\n\t\t\t\t<div class=\"elementor-widget-container\">\n\t\t\t\t\t\t\t<div class=\"elementor-image-carousel-wrapper swiper\" role=\"region\" aria-roledescription=\"carousel\" aria-label=\"Carrousel d&#039;images\" dir=\"ltr\">\n\t\t\t<div class=\"elementor-image-carousel swiper-wrapper\" aria-live=\"off\">\n\t\t\t\t\t\t\t\t<div class=\"swiper-slide\" role=\"group\" aria-roledescription=\"slide\" aria-label=\"1 \/ 8\" data-no-translation-aria-label=\"\"><figure class=\"swiper-slide-inner\"><img class=\"swiper-slide-image swiper-lazy\" data-src=\"https:\/\/hazarmerjeni.travel\/wp-content\/uploads\/2025\/02\/plov-turkmen-cuisine-qa2t2cuylfr.jpg\" alt=\"plov-turkmen-cuisine-qa2t2cuylfr\" \/><div class=\"swiper-lazy-preloader\"><\/div><\/figure><\/div><div class=\"swiper-slide\" role=\"group\" aria-roledescription=\"slide\" aria-label=\"2 \/ 8\" data-no-translation-aria-label=\"\"><figure class=\"swiper-slide-inner\"><img class=\"swiper-slide-image swiper-lazy\" data-src=\"https:\/\/hazarmerjeni.travel\/wp-content\/uploads\/2025\/02\/okroshka-turkmen-cuisine-hazar-m.jpg\" alt=\"okroshka-turkmen-cuisine-hazar-m\" \/><div class=\"swiper-lazy-preloader\"><\/div><\/figure><\/div><div class=\"swiper-slide\" role=\"group\" aria-roledescription=\"slide\" aria-label=\"3 \/ 8\" data-no-translation-aria-label=\"\"><figure class=\"swiper-slide-inner\"><img class=\"swiper-slide-image swiper-lazy\" data-src=\"https:\/\/hazarmerjeni.travel\/wp-content\/uploads\/2025\/02\/mix-kebap-turkmen-cuisine-qa2t2a.jpg\" alt=\"mix-kebap-turkmen-cuisine-qa2t2a\" \/><div class=\"swiper-lazy-preloader\"><\/div><\/figure><\/div><div class=\"swiper-slide\" role=\"group\" aria-roledescription=\"slide\" aria-label=\"4 \/ 8\" data-no-translation-aria-label=\"\"><figure class=\"swiper-slide-inner\"><img class=\"swiper-slide-image swiper-lazy\" data-src=\"https:\/\/hazarmerjeni.travel\/wp-content\/uploads\/2025\/02\/manti-turkmen-cuisine-hazar-merj.jpg\" alt=\"manti-turkmen-cuisine-hazar-merj\" \/><div class=\"swiper-lazy-preloader\"><\/div><\/figure><\/div><div class=\"swiper-slide\" role=\"group\" aria-roledescription=\"slide\" aria-label=\"5 \/ 8\" data-no-translation-aria-label=\"\"><figure class=\"swiper-slide-inner\"><img class=\"swiper-slide-image swiper-lazy\" data-src=\"https:\/\/hazarmerjeni.travel\/wp-content\/uploads\/2025\/02\/kakmac-turkmen-cuisine-qa2t25c92.jpg\" alt=\"kakmac-turkmen-cuisine-qa2t25c92\" \/><div class=\"swiper-lazy-preloader\"><\/div><\/figure><\/div><div class=\"swiper-slide\" role=\"group\" aria-roledescription=\"slide\" aria-label=\"6 \/ 8\" data-no-translation-aria-label=\"\"><figure class=\"swiper-slide-inner\"><img class=\"swiper-slide-image swiper-lazy\" data-src=\"https:\/\/hazarmerjeni.travel\/wp-content\/uploads\/2025\/02\/kakmac-turkmen-cuisine-hazar-mer.jpg\" alt=\"kakmac-turkmen-cuisine-hazar-mer\" \/><div class=\"swiper-lazy-preloader\"><\/div><\/figure><\/div><div class=\"swiper-slide\" role=\"group\" aria-roledescription=\"slide\" aria-label=\"7 \/ 8\" data-no-translation-aria-label=\"\"><figure class=\"swiper-slide-inner\"><img class=\"swiper-slide-image swiper-lazy\" data-src=\"https:\/\/hazarmerjeni.travel\/wp-content\/uploads\/2025\/02\/fish-dish-turkmen-cuisine-qa2t1s.jpg\" alt=\"poisson-plat-turkmen-cuisine-qa2t1s\" \/><div class=\"swiper-lazy-preloader\"><\/div><\/figure><\/div><div class=\"swiper-slide\" role=\"group\" aria-roledescription=\"slide\" aria-label=\"8 \/ 8\" data-no-translation-aria-label=\"\"><figure class=\"swiper-slide-inner\"><img class=\"swiper-slide-image swiper-lazy\" data-src=\"https:\/\/hazarmerjeni.travel\/wp-content\/uploads\/2025\/02\/chicken-in-tomato-sauce-turkmen.jpg\" alt=\"poulet en sauce tomate-turkmen\" \/><div class=\"swiper-lazy-preloader\"><\/div><\/figure><\/div>\t\t\t<\/div>\n\t\t\t\t\t\t\t\t\t\t\t\t<div class=\"elementor-swiper-button elementor-swiper-button-prev\" role=\"button\" tabindex=\"0\">\n\t\t\t\t\t\t<svg aria-hidden=\"true\" class=\"e-font-icon-svg e-eicon-chevron-left\" viewbox=\"0 0 1000 1000\" xmlns=\"http:\/\/www.w3.org\/2000\/svg\"><path d=\"M646 125C629 125 613 133 604 142L308 442C296 454 292 471 292 487 292 504 296 521 308 533L604 854C617 867 629 875 646 875 663 875 679 871 692 858 704 846 713 829 713 812 713 796 708 779 692 767L438 487 692 225C700 217 708 204 708 187 708 171 704 154 692 142 675 129 663 125 646 125Z\"><\/path><\/svg>\t\t\t\t\t<\/div>\n\t\t\t\t\t<div class=\"elementor-swiper-button elementor-swiper-button-next\" role=\"button\" tabindex=\"0\">\n\t\t\t\t\t\t<svg aria-hidden=\"true\" class=\"e-font-icon-svg e-eicon-chevron-right\" viewbox=\"0 0 1000 1000\" xmlns=\"http:\/\/www.w3.org\/2000\/svg\"><path d=\"M696 533C708 521 713 504 713 487 713 471 708 454 696 446L400 146C388 133 375 125 354 125 338 125 325 129 313 142 300 154 292 171 292 187 292 204 296 221 308 233L563 492 304 771C292 783 288 800 288 817 288 833 296 850 308 863 321 871 338 875 354 875 371 875 388 867 400 854L696 533Z\"><\/path><\/svg>\t\t\t\t\t<\/div>\n\t\t\t\t\n\t\t\t\t\t\t\t\t\t<div class=\"swiper-pagination\"><\/div>\n\t\t\t\t\t\t\t\t\t<\/div>\n\t\t\t\t\t\t<\/div>\n\t\t\t\t<\/div>\n\t\t\t\t<\/div>\n\t\t\t\t<\/div>\n\t\t\t\t<\/div>\n\t\t\t\t<\/div>\n\t\t\t\t\t<\/div>\n\t\t\t\t<\/div>\n\t\t<div class=\"elementor-element elementor-element-48701ae2 e-flex e-con-boxed e-con e-parent\" data-id=\"48701ae2\" data-element_type=\"container\" data-settings=\"{&quot;background_background&quot;:&quot;classic&quot;}\">\n\t\t\t\t\t<div class=\"e-con-inner\">\n\t\t<div class=\"elementor-element elementor-element-62a5b9b5 e-con-full e-flex elementor-invisible e-con e-child\" data-id=\"62a5b9b5\" data-element_type=\"container\" data-settings=\"{&quot;animation&quot;:&quot;fadeInUp&quot;}\">\n\t\t<div class=\"elementor-element elementor-element-7921a729 e-con-full e-flex e-con e-child\" data-id=\"7921a729\" data-element_type=\"container\">\n\t\t\t\t<div class=\"elementor-element elementor-element-58c9c34d elementor-widget elementor-widget-image\" data-id=\"58c9c34d\" data-element_type=\"widget\" data-widget_type=\"image.default\">\n\t\t\t\t<div class=\"elementor-widget-container\">\n\t\t\t\t\t\t\t\t\t\t\t\t\t\t\t<img alt=\"\" fetchpriority=\"high\" decoding=\"async\" width=\"800\" height=\"448\" src=\"https:\/\/hazarmerjeni.travel\/wp-content\/uploads\/2025\/02\/eyJrZXkiOiJiMjJjYmI5YS0yZjU5LTQ4.jpg\" class=\"attachment-large size-large wp-image-782\" srcset=\"https:\/\/hazarmerjeni.travel\/wp-content\/uploads\/2025\/02\/eyJrZXkiOiJiMjJjYmI5YS0yZjU5LTQ4.jpg 800w, https:\/\/hazarmerjeni.travel\/wp-content\/uploads\/2025\/02\/eyJrZXkiOiJiMjJjYmI5YS0yZjU5LTQ4-300x168.jpg 300w, https:\/\/hazarmerjeni.travel\/wp-content\/uploads\/2025\/02\/eyJrZXkiOiJiMjJjYmI5YS0yZjU5LTQ4-768x430.jpg 768w\" sizes=\"(max-width: 800px) 100vw, 800px\" \/>\t\t\t\t\t\t\t\t\t\t\t\t\t\t\t<\/div>\n\t\t\t\t<\/div>\n\t\t\t\t<\/div>\n\t\t<div class=\"elementor-element elementor-element-777c7257 e-con-full e-flex e-con e-child\" data-id=\"777c7257\" data-element_type=\"container\">\n\t\t\t\t<div class=\"elementor-element elementor-element-50694825 elementor-widget elementor-widget-image\" data-id=\"50694825\" data-element_type=\"widget\" data-widget_type=\"image.default\">\n\t\t\t\t<div class=\"elementor-widget-container\">\n\t\t\t\t\t\t\t\t\t\t\t\t\t\t\t<img alt=\"\" decoding=\"async\" width=\"800\" height=\"533\" src=\"https:\/\/hazarmerjeni.travel\/wp-content\/uploads\/2025\/02\/turkmen-fish.jpg\" class=\"attachment-large size-large wp-image-787\" srcset=\"https:\/\/hazarmerjeni.travel\/wp-content\/uploads\/2025\/02\/turkmen-fish.jpg 900w, https:\/\/hazarmerjeni.travel\/wp-content\/uploads\/2025\/02\/turkmen-fish-300x200.jpg 300w, https:\/\/hazarmerjeni.travel\/wp-content\/uploads\/2025\/02\/turkmen-fish-768x512.jpg 768w\" sizes=\"(max-width: 800px) 100vw, 800px\" \/>\t\t\t\t\t\t\t\t\t\t\t\t\t\t\t<\/div>\n\t\t\t\t<\/div>\n\t\t\t\t<\/div>\n\t\t<div class=\"elementor-element elementor-element-5c7edc53 e-con-full elementor-hidden-mobile e-flex e-con e-child\" data-id=\"5c7edc53\" data-element_type=\"container\">\n\t\t\t\t<div class=\"elementor-element elementor-element-5085c831 elementor-widget elementor-widget-image\" data-id=\"5085c831\" data-element_type=\"widget\" data-widget_type=\"image.default\">\n\t\t\t\t<div class=\"elementor-widget-container\">\n\t\t\t\t\t\t\t\t\t\t\t\t\t\t\t<img alt=\"\" decoding=\"async\" width=\"800\" height=\"600\" src=\"https:\/\/hazarmerjeni.travel\/wp-content\/uploads\/2025\/02\/shurpa.jpg\" class=\"attachment-large size-large wp-image-785\" srcset=\"https:\/\/hazarmerjeni.travel\/wp-content\/uploads\/2025\/02\/shurpa.jpg 800w, https:\/\/hazarmerjeni.travel\/wp-content\/uploads\/2025\/02\/shurpa-300x225.jpg 300w, https:\/\/hazarmerjeni.travel\/wp-content\/uploads\/2025\/02\/shurpa-768x576.jpg 768w\" sizes=\"(max-width: 800px) 100vw, 800px\" \/>\t\t\t\t\t\t\t\t\t\t\t\t\t\t\t<\/div>\n\t\t\t\t<\/div>\n\t\t\t\t<\/div>\n\t\t<div class=\"elementor-element elementor-element-6d38a92b e-con-full elementor-hidden-mobile e-flex e-con e-child\" data-id=\"6d38a92b\" data-element_type=\"container\">\n\t\t\t\t<div class=\"elementor-element elementor-element-2dd47b5b elementor-widget elementor-widget-image\" data-id=\"2dd47b5b\" data-element_type=\"widget\" data-widget_type=\"image.default\">\n\t\t\t\t<div class=\"elementor-widget-container\">\n\t\t\t\t\t\t\t\t\t\t\t\t\t\t\t<img alt=\"\" loading=\"lazy\" decoding=\"async\" width=\"800\" height=\"533\" src=\"https:\/\/hazarmerjeni.travel\/wp-content\/uploads\/2025\/02\/meat-filled-pastries.jpg\" class=\"attachment-large size-large wp-image-784\" srcset=\"https:\/\/hazarmerjeni.travel\/wp-content\/uploads\/2025\/02\/meat-filled-pastries.jpg 900w, https:\/\/hazarmerjeni.travel\/wp-content\/uploads\/2025\/02\/meat-filled-pastries-300x200.jpg 300w, https:\/\/hazarmerjeni.travel\/wp-content\/uploads\/2025\/02\/meat-filled-pastries-768x512.jpg 768w\" sizes=\"(max-width: 800px) 100vw, 800px\" \/>\t\t\t\t\t\t\t\t\t\t\t\t\t\t\t<\/div>\n\t\t\t\t<\/div>\n\t\t\t\t<\/div>\n\t\t\t\t<\/div>\n\t\t<div class=\"elementor-element elementor-element-7762162e e-con-full e-flex e-con e-child\" data-id=\"7762162e\" data-element_type=\"container\" data-settings=\"{&quot;background_background&quot;:&quot;classic&quot;}\">\n\t\t\t\t<div class=\"elementor-element elementor-element-735b1890 elementor-widget-divider--view-line_text elementor-widget-divider--element-align-center elementor-invisible elementor-widget elementor-widget-divider\" data-id=\"735b1890\" data-element_type=\"widget\" data-settings=\"{&quot;_animation&quot;:&quot;fadeInUp&quot;}\" data-widget_type=\"divider.default\">\n\t\t\t\t<div class=\"elementor-widget-container\">\n\t\t\t\t\t\t\t<div class=\"elementor-divider\">\n\t\t\t<span class=\"elementor-divider-separator\">\n\t\t\t\t\t\t\t<h2 class=\"elementor-divider__text elementor-divider__element\">\n\t\t\t\tD\u00e9couvrez les saveurs de la cuisine turkm\u00e8ne\t\t\t\t<\/h2>\n\t\t\t\t\t\t<\/span>\n\t\t<\/div>\n\t\t\t\t\t\t<\/div>\n\t\t\t\t<\/div>\n\t\t<div class=\"elementor-element elementor-element-42200ce9 e-con-full e-flex e-con e-child\" data-id=\"42200ce9\" data-element_type=\"container\">\n\t\t<div class=\"elementor-element elementor-element-57f2a5 e-con-full e-flex elementor-invisible e-con e-child\" data-id=\"57f2a5\" data-element_type=\"container\" data-settings=\"{&quot;animation&quot;:&quot;fadeInUp&quot;}\">\n\t\t\t\t<div class=\"elementor-element elementor-element-6af9c380 elementor-widget elementor-widget-text-editor\" data-id=\"6af9c380\" data-element_type=\"widget\" data-widget_type=\"text-editor.default\">\n\t\t\t\t<div class=\"elementor-widget-container\">\n\t\t\t\t\t\t\t\t\t<p>Le Turkm\u00e9nistan est un pays \u00e0 la culture riche et aux traditions profond\u00e9ment enracin\u00e9es, et l'une des meilleures fa\u00e7ons d'en faire l'exp\u00e9rience est sa cuisine authentique. Avec une vari\u00e9t\u00e9 de plats copieux, de saveurs audacieuses et d'\u00e9pices aromatiques, la cuisine turkm\u00e8ne offre un v\u00e9ritable aper\u00e7u de l'h\u00e9ritage de la nation.<\/p><p>L'un des plats les plus appr\u00e9ci\u00e9s est le plov, un savoureux m\u00e9lange de riz, de viande ou de poulet, de carottes et d'oignons, cuit dans de grands chaudrons sur un feu ouvert, ce qui lui conf\u00e8re un go\u00fbt et un ar\u00f4me particuliers. Vous pouvez \u00e9galement savourer des soupes traditionnelles comme les chitlen et les shorba, pr\u00e9par\u00e9es avec des viandes tendres, des l\u00e9gumes frais et des \u00e9pices parfum\u00e9es.<\/p><p>Pour les amateurs de viande, le Turkm\u00e9nistan propose un large \u00e9ventail de plats \u00e0 base d'agneau, de b\u0153uf, de poulet et de poisson, souvent pr\u00e9par\u00e9s sous forme de brochettes \u00e0 la flamme nue ou cuits lentement dans des rago\u00fbts. Les sp\u00e9cialit\u00e9s \u00e0 base de farine, telles que les manti (boulettes de p\u00e2te cuites \u00e0 la vapeur et farcies de viande assaisonn\u00e9e), constituent \u00e9galement un \u00e9l\u00e9ment essentiel de la tradition culinaire locale.<\/p><p>La cuisine turkm\u00e8ne est bien plus qu'un simple aliment : c'est une invitation \u00e0 d\u00e9couvrir l'histoire, la culture et l'hospitalit\u00e9 chaleureuse de ce pays. Ne manquez pas l'occasion de go\u00fbter \u00e0 ces saveurs traditionnelles lors de votre voyage dans ce pays extraordinaire !<\/p>\t\t\t\t\t\t\t\t<\/div>\n\t\t\t\t<\/div>\n\t\t\t\t<\/div>\n\t\t\t\t<\/div>\n\t\t\t\t<\/div>\n\t\t<div class=\"elementor-element elementor-element-4eead0a1 e-con-full e-flex elementor-invisible e-con e-child\" data-id=\"4eead0a1\" data-element_type=\"container\" data-settings=\"{&quot;animation&quot;:&quot;fadeInUp&quot;}\">\n\t\t<div class=\"elementor-element elementor-element-2bb5b0ff e-con-full e-flex e-con e-child\" data-id=\"2bb5b0ff\" data-element_type=\"container\">\n\t\t\t\t<div class=\"elementor-element elementor-element-4ac70dc2 elementor-widget elementor-widget-image\" data-id=\"4ac70dc2\" data-element_type=\"widget\" data-widget_type=\"image.default\">\n\t\t\t\t<div class=\"elementor-widget-container\">\n\t\t\t\t\t\t\t\t\t\t\t\t\t\t\t<img alt=\"\" loading=\"lazy\" decoding=\"async\" width=\"800\" height=\"533\" src=\"https:\/\/hazarmerjeni.travel\/wp-content\/uploads\/2025\/02\/lagman-in-turkmenistan.jpg\" class=\"attachment-large size-large wp-image-783\" srcset=\"https:\/\/hazarmerjeni.travel\/wp-content\/uploads\/2025\/02\/lagman-in-turkmenistan.jpg 900w, https:\/\/hazarmerjeni.travel\/wp-content\/uploads\/2025\/02\/lagman-in-turkmenistan-300x200.jpg 300w, https:\/\/hazarmerjeni.travel\/wp-content\/uploads\/2025\/02\/lagman-in-turkmenistan-768x512.jpg 768w\" sizes=\"(max-width: 800px) 100vw, 800px\" \/>\t\t\t\t\t\t\t\t\t\t\t\t\t\t\t<\/div>\n\t\t\t\t<\/div>\n\t\t\t\t<\/div>\n\t\t<div class=\"elementor-element elementor-element-281a9f6c e-con-full e-flex e-con e-child\" data-id=\"281a9f6c\" data-element_type=\"container\">\n\t\t\t\t<div class=\"elementor-element elementor-element-5d2504b3 elementor-widget elementor-widget-image\" data-id=\"5d2504b3\" data-element_type=\"widget\" data-widget_type=\"image.default\">\n\t\t\t\t<div class=\"elementor-widget-container\">\n\t\t\t\t\t\t\t\t\t\t\t\t\t\t\t<img alt=\"\" loading=\"lazy\" decoding=\"async\" width=\"800\" height=\"557\" src=\"https:\/\/hazarmerjeni.travel\/wp-content\/uploads\/2025\/02\/1397091710374476516086904.jpg\" class=\"attachment-large size-large wp-image-781\" srcset=\"https:\/\/hazarmerjeni.travel\/wp-content\/uploads\/2025\/02\/1397091710374476516086904.jpg 800w, https:\/\/hazarmerjeni.travel\/wp-content\/uploads\/2025\/02\/1397091710374476516086904-300x209.jpg 300w, https:\/\/hazarmerjeni.travel\/wp-content\/uploads\/2025\/02\/1397091710374476516086904-768x535.jpg 768w\" sizes=\"(max-width: 800px) 100vw, 800px\" \/>\t\t\t\t\t\t\t\t\t\t\t\t\t\t\t<\/div>\n\t\t\t\t<\/div>\n\t\t\t\t<\/div>\n\t\t<div class=\"elementor-element elementor-element-594f7e61 e-con-full elementor-hidden-mobile e-flex e-con e-child\" data-id=\"594f7e61\" data-element_type=\"container\">\n\t\t\t\t<div class=\"elementor-element elementor-element-197ce2ec elementor-widget elementor-widget-image\" data-id=\"197ce2ec\" data-element_type=\"widget\" data-widget_type=\"image.default\">\n\t\t\t\t<div class=\"elementor-widget-container\">\n\t\t\t\t\t\t\t\t\t\t\t\t\t\t\t<img alt=\"\" loading=\"lazy\" decoding=\"async\" width=\"800\" height=\"540\" src=\"https:\/\/hazarmerjeni.travel\/wp-content\/uploads\/2025\/02\/turkmen.jpg\" class=\"attachment-large size-large wp-image-786\" srcset=\"https:\/\/hazarmerjeni.travel\/wp-content\/uploads\/2025\/02\/turkmen.jpg 850w, https:\/\/hazarmerjeni.travel\/wp-content\/uploads\/2025\/02\/turkmen-300x203.jpg 300w, https:\/\/hazarmerjeni.travel\/wp-content\/uploads\/2025\/02\/turkmen-768x519.jpg 768w\" sizes=\"(max-width: 800px) 100vw, 800px\" \/>\t\t\t\t\t\t\t\t\t\t\t\t\t\t\t<\/div>\n\t\t\t\t<\/div>\n\t\t\t\t<\/div>\n\t\t<div class=\"elementor-element elementor-element-4917534d e-con-full elementor-hidden-mobile e-flex e-con e-child\" data-id=\"4917534d\" data-element_type=\"container\">\n\t\t\t\t<div class=\"elementor-element elementor-element-2b0f001e elementor-widget elementor-widget-image\" data-id=\"2b0f001e\" data-element_type=\"widget\" data-widget_type=\"image.default\">\n\t\t\t\t<div class=\"elementor-widget-container\">\n\t\t\t\t\t\t\t\t\t\t\t\t\t\t\t<img alt=\"\" loading=\"lazy\" decoding=\"async\" width=\"800\" height=\"533\" src=\"https:\/\/hazarmerjeni.travel\/wp-content\/uploads\/2025\/02\/turkmenistan-cuisine-1.jpg\" class=\"attachment-large size-large wp-image-788\" srcset=\"https:\/\/hazarmerjeni.travel\/wp-content\/uploads\/2025\/02\/turkmenistan-cuisine-1.jpg 900w, https:\/\/hazarmerjeni.travel\/wp-content\/uploads\/2025\/02\/turkmenistan-cuisine-1-300x200.jpg 300w, https:\/\/hazarmerjeni.travel\/wp-content\/uploads\/2025\/02\/turkmenistan-cuisine-1-768x512.jpg 768w\" sizes=\"(max-width: 800px) 100vw, 800px\" \/>\t\t\t\t\t\t\t\t\t\t\t\t\t\t\t<\/div>\n\t\t\t\t<\/div>\n\t\t\t\t<\/div>\n\t\t\t\t<\/div>\n\t\t\t\t\t<\/div>\n\t\t\t\t<\/div>\n\t\t\t\t<\/div>","protected":false},"excerpt":{"rendered":"<p>Embarquez pour un voyage culinaire au Turkm\u00e9nistan, o\u00f9 les riches traditions et les saveurs audacieuses se retrouvent dans chaque plat. Savourez l'ar\u00f4me du plov, un copieux plat de riz et de viande cuit sur un feu ouvert, ou r\u00e9chauffez-vous avec des soupes savoureuses comme la shorba. R\u00e9galez-vous avec les succulentes brochettes, les tendres manti et le pain chorek fra\u00eechement cuit. Chaque bouch\u00e9e offre [...]<\/p>","protected":false},"author":1,"featured_media":0,"parent":0,"menu_order":0,"comment_status":"closed","ping_status":"closed","template":"","meta":{"_acf_changed":false,"_seopress_robots_primary_cat":"","_seopress_titles_title":"Turkmen Cuisine \u2013 Taste the Flavors of Turkmenistan","_seopress_titles_desc":"Discover the rich flavors of Turkmenistan with our guide to traditional cuisine. From savory dishes to sweet treats, experience the unique tastes of this vibrant culture. Book your culinary adventure today!","_seopress_robots_index":"","footnotes":""},"class_list":["post-767","page","type-page","status-publish","hentry"],"acf":[],"_links":{"self":[{"href":"https:\/\/hazarmerjeni.travel\/fr\/wp-json\/wp\/v2\/pages\/767","targetHints":{"allow":["GET"]}}],"collection":[{"href":"https:\/\/hazarmerjeni.travel\/fr\/wp-json\/wp\/v2\/pages"}],"about":[{"href":"https:\/\/hazarmerjeni.travel\/fr\/wp-json\/wp\/v2\/types\/page"}],"author":[{"embeddable":true,"href":"https:\/\/hazarmerjeni.travel\/fr\/wp-json\/wp\/v2\/users\/1"}],"replies":[{"embeddable":true,"href":"https:\/\/hazarmerjeni.travel\/fr\/wp-json\/wp\/v2\/comments?post=767"}],"version-history":[{"count":27,"href":"https:\/\/hazarmerjeni.travel\/fr\/wp-json\/wp\/v2\/pages\/767\/revisions"}],"predecessor-version":[{"id":1228,"href":"https:\/\/hazarmerjeni.travel\/fr\/wp-json\/wp\/v2\/pages\/767\/revisions\/1228"}],"wp:attachment":[{"href":"https:\/\/hazarmerjeni.travel\/fr\/wp-json\/wp\/v2\/media?parent=767"}],"curies":[{"name":"wp","href":"https:\/\/api.w.org\/{rel}","templated":true}]}}