{"id":933,"date":"2025-02-11T17:23:06","date_gmt":"2025-02-11T12:23:06","guid":{"rendered":"https:\/\/hazarmerjeni.travel\/?page_id=933"},"modified":"2025-03-03T20:04:58","modified_gmt":"2025-03-03T15:04:58","slug":"transport-information","status":"publish","type":"page","link":"https:\/\/hazarmerjeni.travel\/de\/transportinformationen\/","title":{"rendered":"Informationen zum Transport"},"content":{"rendered":"<div data-elementor-type=\"wp-page\" data-elementor-id=\"933\" class=\"elementor elementor-933\" data-elementor-post-type=\"page\">\n\t\t\t\t<div class=\"elementor-element elementor-element-1fa29d1d e-flex e-con-boxed e-con e-parent\" data-id=\"1fa29d1d\" data-element_type=\"container\" data-settings=\"{&quot;background_background&quot;:&quot;classic&quot;}\">\n\t\t\t\t\t<div class=\"e-con-inner\">\n\t\t<div class=\"elementor-element elementor-element-3ea97a48 e-con-full e-flex e-con e-child\" data-id=\"3ea97a48\" data-element_type=\"container\" data-settings=\"{&quot;background_background&quot;:&quot;classic&quot;}\">\n\t\t<div class=\"elementor-element elementor-element-664300ef e-con-full e-flex e-con e-child\" data-id=\"664300ef\" data-element_type=\"container\" data-settings=\"{&quot;background_background&quot;:&quot;classic&quot;}\">\n\t\t\t\t<div class=\"elementor-element elementor-element-70cb7b94 elementor-widget-divider--view-line_text elementor-widget-divider--element-align-center elementor-invisible elementor-widget elementor-widget-divider\" data-id=\"70cb7b94\" data-element_type=\"widget\" data-settings=\"{&quot;_animation&quot;:&quot;fadeInUp&quot;}\" data-widget_type=\"divider.default\">\n\t\t\t\t<div class=\"elementor-widget-container\">\n\t\t\t\t\t\t\t<div class=\"elementor-divider\">\n\t\t\t<span class=\"elementor-divider-separator\">\n\t\t\t\t\t\t\t<h1 class=\"elementor-divider__text elementor-divider__element\">\n\t\t\t\tInformationen zum Transport\t\t\t\t<\/h1>\n\t\t\t\t\t\t<\/span>\n\t\t<\/div>\n\t\t\t\t\t\t<\/div>\n\t\t\t\t<\/div>\n\t\t\t\t<div class=\"elementor-element elementor-element-d4ea366 elementor-widget elementor-widget-text-editor\" data-id=\"d4ea366\" data-element_type=\"widget\" data-widget_type=\"text-editor.default\">\n\t\t\t\t<div class=\"elementor-widget-container\">\n\t\t\t\t\t\t\t\t\t<p><strong>Transport mit Hazar Merjeni Reiseb\u00fcro<\/strong><\/p><p>Im Reiseb\u00fcro Hazar Merjeni legen wir bei allen unseren Reisen gr\u00f6\u00dften Wert auf Komfort, Sicherheit und Zuverl\u00e4ssigkeit. Unsere moderne Fahrzeugflotte sorgt f\u00fcr eine reibungslose und angenehme Reise, w\u00e4hrend Sie die atemberaubenden Landschaften und kulturellen Sch\u00e4tze Turkmenistans erkunden.<\/p><p><strong>Unsere Fahrzeuge:<\/strong><br \/><strong>Toyota Sienna<\/strong> - Ein ger\u00e4umiger und komfortabler Minivan, ideal f\u00fcr kleine Gruppen und Familien. Mit seiner sanften Fahrt und der gro\u00dfen Beinfreiheit sorgt der Sienna f\u00fcr ein entspanntes Reiseerlebnis.<\/p><p><strong>Mitsubishi Pajero<\/strong> - Ein leistungsstarker und robuster Gel\u00e4ndewagen, perfekt f\u00fcr Offroad-Abenteuer und die Erkundung des vielf\u00e4ltigen Gel\u00e4ndes Turkmenistans. Ob Sie die Karakum-W\u00fcste oder abgelegene historische St\u00e4tten besuchen, der Pajero bietet eine zuverl\u00e4ssige und aufregende Fahrt.<\/p><p><strong>Toyota Land Cruiser Prado<\/strong> - Dieser SUV ist f\u00fcr seine Langlebigkeit und seinen Komfort bekannt und eignet sich sowohl f\u00fcr Stadtfahrten als auch f\u00fcr Expeditionen ins Gel\u00e4nde. Sein fortschrittliches Fahrwerk und seine starke Leistung machen ihn zu einer exzellenten Wahl f\u00fcr lange Fahrten.<\/p><p><strong>Toyota Hiace<\/strong> - Ein ger\u00e4umiger und effizienter Kleinbus, ideal f\u00fcr gr\u00f6\u00dfere Gruppen. Mit bequemen Sitzen und Klimaanlage ist der Hiace perfekt f\u00fcr l\u00e4ngere Fahrten und Gruppenausfl\u00fcge.<\/p><p>Mit dem Reiseb\u00fcro Hazar Merjeni k\u00f6nnen Sie sich entspannen und Ihre Reise genie\u00dfen, w\u00e4hrend wir uns um den Transport k\u00fcmmern. Unsere erfahrenen Fahrer und gut gewarteten Fahrzeuge sorgen f\u00fcr ein sicheres und angenehmes Reiseerlebnis bei jedem Schritt des Weges.<\/p><p>Buchen Sie Ihr Abenteuer mit uns und erkunden Sie Turkmenistan in Komfort und Stil!<\/p>\t\t\t\t\t\t\t\t<\/div>\n\t\t\t\t<\/div>\n\t\t\t\t<div class=\"elementor-element elementor-element-26da6fd elementor-widget elementor-widget-gallery\" data-id=\"26da6fd\" data-element_type=\"widget\" data-settings=\"{&quot;gallery_layout&quot;:&quot;masonry&quot;,&quot;columns_mobile&quot;:2,&quot;overlay_title&quot;:&quot;title&quot;,&quot;lazyload&quot;:&quot;yes&quot;,&quot;columns&quot;:4,&quot;columns_tablet&quot;:2,&quot;gap&quot;:{&quot;unit&quot;:&quot;px&quot;,&quot;size&quot;:10,&quot;sizes&quot;:[]},&quot;gap_tablet&quot;:{&quot;unit&quot;:&quot;px&quot;,&quot;size&quot;:10,&quot;sizes&quot;:[]},&quot;gap_mobile&quot;:{&quot;unit&quot;:&quot;px&quot;,&quot;size&quot;:10,&quot;sizes&quot;:[]},&quot;link_to&quot;:&quot;file&quot;,&quot;overlay_background&quot;:&quot;yes&quot;,&quot;content_hover_animation&quot;:&quot;fade-in&quot;}\" data-widget_type=\"gallery.default\">\n\t\t\t\t<div class=\"elementor-widget-container\">\n\t\t\t\t\t\t\t<div class=\"elementor-gallery__container\">\n\t\t\t\t\t\t\t<a class=\"e-gallery-item elementor-gallery-item elementor-animated-content\" href=\"https:\/\/hazarmerjeni.travel\/wp-content\/uploads\/2025\/02\/5-1-scaled.jpg\" data-elementor-open-lightbox=\"yes\" data-elementor-lightbox-slideshow=\"26da6fd\" data-elementor-lightbox-title=\"Toyota Sienna\" data-e-action-hash=\"#elementor-action%3Aaction%3Dlightbox%26settings%3DeyJpZCI6MTIzMywidXJsIjoiaHR0cHM6XC9cL2hhemFybWVyamVuaS50cmF2ZWxcL3dwLWNvbnRlbnRcL3VwbG9hZHNcLzIwMjVcLzAyXC81LTEtc2NhbGVkLmpwZyIsInNsaWRlc2hvdyI6IjI2ZGE2ZmQifQ%3D%3D\">\n\t\t\t\t\t<div class=\"e-gallery-image elementor-gallery-item__image\" data-thumbnail=\"https:\/\/hazarmerjeni.travel\/wp-content\/uploads\/2025\/02\/5-1-576x1024.jpg\" data-width=\"576\" data-height=\"1024\" aria-label=\"\" role=\"img\" ><\/div>\n\t\t\t\t\t\t\t\t\t\t\t<div class=\"elementor-gallery-item__overlay\"><\/div>\n\t\t\t\t\t\t\t\t\t\t\t\t\t\t\t<div class=\"elementor-gallery-item__content\">\n\t\t\t\t\t\t\t\t\t\t\t\t\t\t<div class=\"elementor-gallery-item__title\">\n\t\t\t\t\t\t\t\t\t\t\t\t\t\t\t\t\t\tToyota Sienna\t\t\t\t\t\t\t\t<\/div>\n\t\t\t\t\t\t\t\t\t\t\t\t<\/div>\n\t\t\t\t\t\t\t\t\t<\/a>\n\t\t\t\t\t\t\t<a class=\"e-gallery-item elementor-gallery-item elementor-animated-content\" href=\"https:\/\/hazarmerjeni.travel\/wp-content\/uploads\/2025\/02\/6-scaled.jpg\" data-elementor-open-lightbox=\"yes\" data-elementor-lightbox-slideshow=\"26da6fd\" data-elementor-lightbox-title=\"Mitsubishi Pajero\" data-e-action-hash=\"#elementor-action%3Aaction%3Dlightbox%26settings%3DeyJpZCI6MTIzNCwidXJsIjoiaHR0cHM6XC9cL2hhemFybWVyamVuaS50cmF2ZWxcL3dwLWNvbnRlbnRcL3VwbG9hZHNcLzIwMjVcLzAyXC82LXNjYWxlZC5qcGciLCJzbGlkZXNob3ciOiIyNmRhNmZkIn0%3D\">\n\t\t\t\t\t<div class=\"e-gallery-image elementor-gallery-item__image\" data-thumbnail=\"https:\/\/hazarmerjeni.travel\/wp-content\/uploads\/2025\/02\/6-576x1024.jpg\" data-width=\"576\" data-height=\"1024\" aria-label=\"\" role=\"img\" ><\/div>\n\t\t\t\t\t\t\t\t\t\t\t<div class=\"elementor-gallery-item__overlay\"><\/div>\n\t\t\t\t\t\t\t\t\t\t\t\t\t\t\t<div class=\"elementor-gallery-item__content\">\n\t\t\t\t\t\t\t\t\t\t\t\t\t\t<div class=\"elementor-gallery-item__title\">\n\t\t\t\t\t\t\t\t\t\t\t\t\t\t\t\t\t\tMitsubishi Pajero\t\t\t\t\t\t\t\t<\/div>\n\t\t\t\t\t\t\t\t\t\t\t\t<\/div>\n\t\t\t\t\t\t\t\t\t<\/a>\n\t\t\t\t\t\t\t<a class=\"e-gallery-item elementor-gallery-item elementor-animated-content\" href=\"https:\/\/hazarmerjeni.travel\/wp-content\/uploads\/2025\/02\/7-scaled.jpg\" data-elementor-open-lightbox=\"yes\" data-elementor-lightbox-slideshow=\"26da6fd\" data-elementor-lightbox-title=\"Toyota Land Cruiser Prado\" data-e-action-hash=\"#elementor-action%3Aaction%3Dlightbox%26settings%3DeyJpZCI6MTIzNSwidXJsIjoiaHR0cHM6XC9cL2hhemFybWVyamVuaS50cmF2ZWxcL3dwLWNvbnRlbnRcL3VwbG9hZHNcLzIwMjVcLzAyXC83LXNjYWxlZC5qcGciLCJzbGlkZXNob3ciOiIyNmRhNmZkIn0%3D\">\n\t\t\t\t\t<div class=\"e-gallery-image elementor-gallery-item__image\" data-thumbnail=\"https:\/\/hazarmerjeni.travel\/wp-content\/uploads\/2025\/02\/7-576x1024.jpg\" data-width=\"576\" data-height=\"1024\" aria-label=\"\" role=\"img\" ><\/div>\n\t\t\t\t\t\t\t\t\t\t\t<div class=\"elementor-gallery-item__overlay\"><\/div>\n\t\t\t\t\t\t\t\t\t\t\t\t\t\t\t<div class=\"elementor-gallery-item__content\">\n\t\t\t\t\t\t\t\t\t\t\t\t\t\t<div class=\"elementor-gallery-item__title\">\n\t\t\t\t\t\t\t\t\t\t\t\t\t\t\t\t\t\tToyota Land Cruiser Prado\t\t\t\t\t\t\t\t<\/div>\n\t\t\t\t\t\t\t\t\t\t\t\t<\/div>\n\t\t\t\t\t\t\t\t\t<\/a>\n\t\t\t\t\t\t\t<a class=\"e-gallery-item elementor-gallery-item elementor-animated-content\" href=\"https:\/\/hazarmerjeni.travel\/wp-content\/uploads\/2025\/02\/8-scaled.jpg\" data-elementor-open-lightbox=\"yes\" data-elementor-lightbox-slideshow=\"26da6fd\" data-elementor-lightbox-title=\"Toyota Hiace\" data-e-action-hash=\"#elementor-action%3Aaction%3Dlightbox%26settings%3DeyJpZCI6MTIzNiwidXJsIjoiaHR0cHM6XC9cL2hhemFybWVyamVuaS50cmF2ZWxcL3dwLWNvbnRlbnRcL3VwbG9hZHNcLzIwMjVcLzAyXC84LXNjYWxlZC5qcGciLCJzbGlkZXNob3ciOiIyNmRhNmZkIn0%3D\">\n\t\t\t\t\t<div class=\"e-gallery-image elementor-gallery-item__image\" data-thumbnail=\"https:\/\/hazarmerjeni.travel\/wp-content\/uploads\/2025\/02\/8-576x1024.jpg\" data-width=\"576\" data-height=\"1024\" aria-label=\"\" role=\"img\" ><\/div>\n\t\t\t\t\t\t\t\t\t\t\t<div class=\"elementor-gallery-item__overlay\"><\/div>\n\t\t\t\t\t\t\t\t\t\t\t\t\t\t\t<div class=\"elementor-gallery-item__content\">\n\t\t\t\t\t\t\t\t\t\t\t\t\t\t<div class=\"elementor-gallery-item__title\">\n\t\t\t\t\t\t\t\t\t\t\t\t\t\t\t\t\t\tToyota Hiace\t\t\t\t\t\t\t\t<\/div>\n\t\t\t\t\t\t\t\t\t\t\t\t<\/div>\n\t\t\t\t\t\t\t\t\t<\/a>\n\t\t\t\t\t<\/div>\n\t\t\t\t\t<\/div>\n\t\t\t\t<\/div>\n\t\t\t\t<\/div>\n\t\t\t\t<\/div>\n\t\t\t\t\t<\/div>\n\t\t\t\t<\/div>\n\t\t\t\t<\/div>","protected":false},"excerpt":{"rendered":"<p>Transport mit dem Reiseb\u00fcro Hazar Merjeni Das Reiseb\u00fcro Hazar Merjeni legt bei all seinen Reisen gr\u00f6\u00dften Wert auf Komfort, Sicherheit und Zuverl\u00e4ssigkeit. Unsere moderne Fahrzeugflotte sorgt f\u00fcr eine reibungslose und angenehme Reise, w\u00e4hrend Sie die atemberaubenden Landschaften und kulturellen Sch\u00e4tze Turkmenistans erkunden. Unsere Fahrzeuge:Toyota Sienna - Ein ger\u00e4umiger und komfortabler Minivan, [...]<\/p>","protected":false},"author":1,"featured_media":0,"parent":0,"menu_order":0,"comment_status":"closed","ping_status":"closed","template":"","meta":{"_acf_changed":false,"_seopress_robots_primary_cat":"","_seopress_titles_title":"Transport Information for Turkmenistan Tours \u2013 Travel with Ease","_seopress_titles_desc":"Get all the transport information you need for your Turkmenistan adventure. We ensure a smooth and comfortable journey. Plan your trip today!","_seopress_robots_index":"","footnotes":""},"class_list":["post-933","page","type-page","status-publish","hentry"],"acf":[],"_links":{"self":[{"href":"https:\/\/hazarmerjeni.travel\/de\/wp-json\/wp\/v2\/pages\/933","targetHints":{"allow":["GET"]}}],"collection":[{"href":"https:\/\/hazarmerjeni.travel\/de\/wp-json\/wp\/v2\/pages"}],"about":[{"href":"https:\/\/hazarmerjeni.travel\/de\/wp-json\/wp\/v2\/types\/page"}],"author":[{"embeddable":true,"href":"https:\/\/hazarmerjeni.travel\/de\/wp-json\/wp\/v2\/users\/1"}],"replies":[{"embeddable":true,"href":"https:\/\/hazarmerjeni.travel\/de\/wp-json\/wp\/v2\/comments?post=933"}],"version-history":[{"count":21,"href":"https:\/\/hazarmerjeni.travel\/de\/wp-json\/wp\/v2\/pages\/933\/revisions"}],"predecessor-version":[{"id":1249,"href":"https:\/\/hazarmerjeni.travel\/de\/wp-json\/wp\/v2\/pages\/933\/revisions\/1249"}],"wp:attachment":[{"href":"https:\/\/hazarmerjeni.travel\/de\/wp-json\/wp\/v2\/media?parent=933"}],"curies":[{"name":"wp","href":"https:\/\/api.w.org\/{rel}","templated":true}]}}