{"id":929,"date":"2025-02-11T17:19:29","date_gmt":"2025-02-11T12:19:29","guid":{"rendered":"https:\/\/hazarmerjeni.travel\/?page_id=929"},"modified":"2025-03-03T20:07:48","modified_gmt":"2025-03-03T15:07:48","slug":"useful-information","status":"publish","type":"page","link":"https:\/\/hazarmerjeni.travel\/de\/nutzliche-informationen\/","title":{"rendered":"N\u00fctzliche Informationen"},"content":{"rendered":"<div data-elementor-type=\"wp-page\" data-elementor-id=\"929\" class=\"elementor elementor-929\" data-elementor-post-type=\"page\">\n\t\t\t\t<div class=\"elementor-element elementor-element-90426b0 e-flex e-con-boxed e-con e-parent\" data-id=\"90426b0\" data-element_type=\"container\" data-settings=\"{&quot;background_background&quot;:&quot;classic&quot;}\">\n\t\t\t\t\t<div class=\"e-con-inner\">\n\t\t<div class=\"elementor-element elementor-element-4796f871 e-con-full e-flex e-con e-child\" data-id=\"4796f871\" data-element_type=\"container\" data-settings=\"{&quot;background_background&quot;:&quot;classic&quot;}\">\n\t\t<div class=\"elementor-element elementor-element-3f713819 e-con-full e-flex e-con e-child\" data-id=\"3f713819\" data-element_type=\"container\" data-settings=\"{&quot;background_background&quot;:&quot;classic&quot;}\">\n\t\t\t\t<div class=\"elementor-element elementor-element-2e279827 elementor-widget-divider--view-line_text elementor-widget-divider--element-align-center elementor-invisible elementor-widget elementor-widget-divider\" data-id=\"2e279827\" data-element_type=\"widget\" data-settings=\"{&quot;_animation&quot;:&quot;fadeInUp&quot;}\" data-widget_type=\"divider.default\">\n\t\t\t\t<div class=\"elementor-widget-container\">\n\t\t\t\t\t\t\t<div class=\"elementor-divider\">\n\t\t\t<span class=\"elementor-divider-separator\">\n\t\t\t\t\t\t\t<h1 class=\"elementor-divider__text elementor-divider__element\">\n\t\t\t\tN\u00fctzliche Informationen\t\t\t\t<\/h1>\n\t\t\t\t\t\t<\/span>\n\t\t<\/div>\n\t\t\t\t\t\t<\/div>\n\t\t\t\t<\/div>\n\t\t<div class=\"elementor-element elementor-element-6aa05d3a e-con-full e-flex elementor-invisible e-con e-child\" data-id=\"6aa05d3a\" data-element_type=\"container\" data-settings=\"{&quot;animation&quot;:&quot;fadeInUp&quot;}\">\n\t\t\t\t<div class=\"elementor-element elementor-element-63e9e9c5 elementor-widget elementor-widget-text-editor\" data-id=\"63e9e9c5\" data-element_type=\"widget\" data-widget_type=\"text-editor.default\">\n\t\t\t\t<div class=\"elementor-widget-container\">\n\t\t\t\t\t\t\t\t\t<p><strong>Verfahren zum Ausf\u00fcllen der Erkl\u00e4rung!<\/strong><\/p><p>Liebe Touristen!<\/p><p>Wenn Sie sich im Voraus mit dem Verfahren f\u00fcr das Ausf\u00fcllen der Zollerkl\u00e4rung vertraut machen, wird Ihnen die \u00dcberfahrt durch den Kontrollpunkt in Turkmenistan erleichtert!\u00a0\u00a0<a href=\"https:\/\/customs.gov.tm\/ru\/customs-info\/for-individuals\" target=\"_blank\" rel=\"noopener\">Dieser Link f\u00fchrt zur offiziellen Website des staatlichen Zolldienstes von Turkmenistan<\/a>.<\/p><p><b>Zollvorschriften<\/b><\/p><p>Liebe Touristen!<\/p><p>Wenn Sie diesem Link zur offiziellen Website des staatlichen Zolldienstes Turkmenistans folgen, haben Sie die M\u00f6glichkeit, die Vorschriften f\u00fcr die Ein- und Ausfuhr von Waren, Arzneimitteln usw. genauer zu studieren.<\/p>\t\t\t\t\t\t\t\t<\/div>\n\t\t\t\t<\/div>\n\t\t\t\t<\/div>\n\t\t\t\t<\/div>\n\t\t\t\t<\/div>\n\t\t\t\t\t<\/div>\n\t\t\t\t<\/div>\n\t\t\t\t<\/div>","protected":false},"excerpt":{"rendered":"<p>Verfahren zum Ausf\u00fcllen der Erkl\u00e4rung! Liebe Touristen! Wenn Sie sich im Voraus mit der Prozedur des Ausf\u00fcllens der Zollerkl\u00e4rung vertraut machen, wird Ihnen die \u00dcberfahrt durch den Kontrollpunkt von Turkmenistan erleichtert!  Dieser Link f\u00fchrt zur offiziellen Website des staatlichen Zolldienstes von Turkmenistan. Zollvorschriften Liebe Touristen! Folgen Sie diesem Link zur offiziellen Website des [...]<\/p>","protected":false},"author":1,"featured_media":0,"parent":0,"menu_order":0,"comment_status":"closed","ping_status":"closed","template":"","meta":{"_acf_changed":false,"_seopress_robots_primary_cat":"","_seopress_titles_title":"Useful Information for Turkmenistan Tours \u2013 Travel Tips & Guides","_seopress_titles_desc":"Get all the essential travel information for your Turkmenistan tour. Our guide ensures a smooth and enjoyable trip. Plan your adventure with confidence!","_seopress_robots_index":"","footnotes":""},"class_list":["post-929","page","type-page","status-publish","hentry"],"acf":[],"_links":{"self":[{"href":"https:\/\/hazarmerjeni.travel\/de\/wp-json\/wp\/v2\/pages\/929","targetHints":{"allow":["GET"]}}],"collection":[{"href":"https:\/\/hazarmerjeni.travel\/de\/wp-json\/wp\/v2\/pages"}],"about":[{"href":"https:\/\/hazarmerjeni.travel\/de\/wp-json\/wp\/v2\/types\/page"}],"author":[{"embeddable":true,"href":"https:\/\/hazarmerjeni.travel\/de\/wp-json\/wp\/v2\/users\/1"}],"replies":[{"embeddable":true,"href":"https:\/\/hazarmerjeni.travel\/de\/wp-json\/wp\/v2\/comments?post=929"}],"version-history":[{"count":6,"href":"https:\/\/hazarmerjeni.travel\/de\/wp-json\/wp\/v2\/pages\/929\/revisions"}],"predecessor-version":[{"id":1169,"href":"https:\/\/hazarmerjeni.travel\/de\/wp-json\/wp\/v2\/pages\/929\/revisions\/1169"}],"wp:attachment":[{"href":"https:\/\/hazarmerjeni.travel\/de\/wp-json\/wp\/v2\/media?parent=929"}],"curies":[{"name":"wp","href":"https:\/\/api.w.org\/{rel}","templated":true}]}}