{"id":887,"date":"2025-02-11T16:14:52","date_gmt":"2025-02-11T11:14:52","guid":{"rendered":"https:\/\/hazarmerjeni.travel\/?page_id=887"},"modified":"2025-03-03T16:28:03","modified_gmt":"2025-03-03T11:28:03","slug":"entertainment-and-activities","status":"publish","type":"page","link":"https:\/\/hazarmerjeni.travel\/de\/unterhaltung-und-aktivitaten\/","title":{"rendered":"Unterhaltung und Aktivit\u00e4ten"},"content":{"rendered":"<div data-elementor-type=\"wp-page\" data-elementor-id=\"887\" class=\"elementor elementor-887\" data-elementor-post-type=\"page\">\n\t\t\t\t<div data-dce-background-overlay-color=\"#00000047\" data-dce-background-image-url=\"https:\/\/hazarmerjeni.travel\/wp-content\/uploads\/2025\/02\/pic_1_new.jpg\" class=\"elementor-element elementor-element-4362a8c0 e-flex e-con-boxed e-con e-parent\" data-id=\"4362a8c0\" data-element_type=\"container\" data-settings=\"{&quot;background_background&quot;:&quot;classic&quot;}\">\n\t\t\t\t\t<div class=\"e-con-inner\">\n\t\t<div class=\"elementor-element elementor-element-5e3582a5 e-con-full e-flex e-con e-child\" data-id=\"5e3582a5\" data-element_type=\"container\" data-settings=\"{&quot;background_background&quot;:&quot;classic&quot;}\">\n\t\t\t\t<div class=\"elementor-element elementor-element-561f22c1 elementor-widget-divider--view-line_text elementor-widget-divider--element-align-center elementor-invisible elementor-widget elementor-widget-divider\" data-id=\"561f22c1\" data-element_type=\"widget\" data-settings=\"{&quot;_animation&quot;:&quot;fadeInRight&quot;}\" data-widget_type=\"divider.default\">\n\t\t\t\t<div class=\"elementor-widget-container\">\n\t\t\t\t\t\t\t<div class=\"elementor-divider\">\n\t\t\t<span class=\"elementor-divider-separator\">\n\t\t\t\t\t\t\t<h1 class=\"elementor-divider__text elementor-divider__element\">\n\t\t\t\tUnterhaltung und Veranstaltungen in Turkmenistan\t\t\t\t<\/h1>\n\t\t\t\t\t\t<\/span>\n\t\t<\/div>\n\t\t\t\t\t\t<\/div>\n\t\t\t\t<\/div>\n\t\t<div class=\"elementor-element elementor-element-460cee0d e-con-full e-flex e-con e-child\" data-id=\"460cee0d\" data-element_type=\"container\">\n\t\t<div class=\"elementor-element elementor-element-38aa5486 e-con-full e-flex elementor-invisible e-con e-child\" data-id=\"38aa5486\" data-element_type=\"container\" data-settings=\"{&quot;animation&quot;:&quot;fadeInLeft&quot;,&quot;background_background&quot;:&quot;classic&quot;}\">\n\t\t<div data-dce-background-color=\"#0201016B\" class=\"elementor-element elementor-element-7adc3d83 e-con-full e-flex e-con e-child\" data-id=\"7adc3d83\" data-element_type=\"container\" data-settings=\"{&quot;background_background&quot;:&quot;classic&quot;}\">\n\t\t\t\t<div class=\"elementor-element elementor-element-26cbb255 elementor-widget elementor-widget-text-editor\" data-id=\"26cbb255\" data-element_type=\"widget\" data-widget_type=\"text-editor.default\">\n\t\t\t\t<div class=\"elementor-widget-container\">\n\t\t\t\t\t\t\t\t\tVon farbenfrohen Festivals bis hin zu kulturellen Auff\u00fchrungen bietet Turkmenistan eine lebendige und unvergessliche Unterhaltungsszene. Genie\u00dfen Sie Theater-, Kino- und Musikfestivals von Weltklasse oder feiern Sie traditionelle Veranstaltungen wie Novruz Bayram, die von Freude und Kultur gepr\u00e4gt sind. Erkunden Sie atemberaubende Nationalparks, hei\u00dfe Quellen und unber\u00fchrte Str\u00e4nde, die zu Abenteuern im Freien einladen. Vergessen Sie nicht, die lokalen M\u00e4rkte zu besuchen, wo Sie handgewebte Teppiche, Seidentextilien und einzigartige Souvenirs kaufen k\u00f6nnen. Ob Sie nun auf der Suche nach Kultur, Natur oder Aufregung sind, Turkmenistan hat f\u00fcr jeden etwas zu bieten. Kommen Sie und erleben Sie seinen pulsierenden Geist aus erster Hand!\t\t\t\t\t\t\t\t<\/div>\n\t\t\t\t<\/div>\n\t\t\t\t<\/div>\n\t\t\t\t<\/div>\n\t\t\t\t<\/div>\n\t\t\t\t<\/div>\n\t\t\t\t\t<\/div>\n\t\t\t\t<\/div>\n\t\t<div class=\"elementor-element elementor-element-9856d80 e-flex e-con-boxed e-con e-parent\" data-id=\"9856d80\" data-element_type=\"container\" data-settings=\"{&quot;background_background&quot;:&quot;classic&quot;}\">\n\t\t\t\t\t<div class=\"e-con-inner\">\n\t\t<div class=\"elementor-element elementor-element-5bbd1164 e-con-full e-flex elementor-invisible e-con e-child\" data-id=\"5bbd1164\" data-element_type=\"container\" data-settings=\"{&quot;animation&quot;:&quot;fadeInUp&quot;}\">\n\t\t<div class=\"elementor-element elementor-element-45897d0b e-con-full e-flex e-con e-child\" data-id=\"45897d0b\" data-element_type=\"container\">\n\t\t\t\t<div class=\"elementor-element elementor-element-756a3f34 elementor-widget elementor-widget-image\" data-id=\"756a3f34\" data-element_type=\"widget\" data-widget_type=\"image.default\">\n\t\t\t\t<div class=\"elementor-widget-container\">\n\t\t\t\t\t\t\t\t\t\t\t\t\t\t\t<img alt=\"\" fetchpriority=\"high\" decoding=\"async\" width=\"800\" height=\"533\" src=\"https:\/\/hazarmerjeni.travel\/wp-content\/uploads\/2025\/02\/0c9c1309-453b-41ca-9529-066910bb.jpg\" class=\"attachment-large size-large wp-image-889\" srcset=\"https:\/\/hazarmerjeni.travel\/wp-content\/uploads\/2025\/02\/0c9c1309-453b-41ca-9529-066910bb.jpg 800w, https:\/\/hazarmerjeni.travel\/wp-content\/uploads\/2025\/02\/0c9c1309-453b-41ca-9529-066910bb-300x200.jpg 300w, https:\/\/hazarmerjeni.travel\/wp-content\/uploads\/2025\/02\/0c9c1309-453b-41ca-9529-066910bb-768x512.jpg 768w\" sizes=\"(max-width: 800px) 100vw, 800px\" \/>\t\t\t\t\t\t\t\t\t\t\t\t\t\t\t<\/div>\n\t\t\t\t<\/div>\n\t\t\t\t<\/div>\n\t\t<div class=\"elementor-element elementor-element-786a5a01 e-con-full e-flex e-con e-child\" data-id=\"786a5a01\" data-element_type=\"container\">\n\t\t\t\t<div class=\"elementor-element elementor-element-4aa97c0a elementor-widget elementor-widget-image\" data-id=\"4aa97c0a\" data-element_type=\"widget\" data-widget_type=\"image.default\">\n\t\t\t\t<div class=\"elementor-widget-container\">\n\t\t\t\t\t\t\t\t\t\t\t\t\t\t\t<img alt=\"\" decoding=\"async\" width=\"800\" height=\"534\" src=\"https:\/\/hazarmerjeni.travel\/wp-content\/uploads\/2025\/02\/balich-bws-asian-games-aimag-ope-1024x683.jpg\" class=\"attachment-large size-large wp-image-894\" srcset=\"https:\/\/hazarmerjeni.travel\/wp-content\/uploads\/2025\/02\/balich-bws-asian-games-aimag-ope-1024x683.jpg 1024w, https:\/\/hazarmerjeni.travel\/wp-content\/uploads\/2025\/02\/balich-bws-asian-games-aimag-ope-300x200.jpg 300w, https:\/\/hazarmerjeni.travel\/wp-content\/uploads\/2025\/02\/balich-bws-asian-games-aimag-ope-768x512.jpg 768w, https:\/\/hazarmerjeni.travel\/wp-content\/uploads\/2025\/02\/balich-bws-asian-games-aimag-ope-1536x1024.jpg 1536w, https:\/\/hazarmerjeni.travel\/wp-content\/uploads\/2025\/02\/balich-bws-asian-games-aimag-ope.jpg 1800w\" sizes=\"(max-width: 800px) 100vw, 800px\" \/>\t\t\t\t\t\t\t\t\t\t\t\t\t\t\t<\/div>\n\t\t\t\t<\/div>\n\t\t\t\t<\/div>\n\t\t<div class=\"elementor-element elementor-element-76f73fd5 e-con-full elementor-hidden-mobile e-flex e-con e-child\" data-id=\"76f73fd5\" data-element_type=\"container\">\n\t\t\t\t<div class=\"elementor-element elementor-element-7ada904d elementor-widget elementor-widget-image\" data-id=\"7ada904d\" data-element_type=\"widget\" data-widget_type=\"image.default\">\n\t\t\t\t<div class=\"elementor-widget-container\">\n\t\t\t\t\t\t\t\t\t\t\t\t\t\t\t<img alt=\"\" decoding=\"async\" width=\"800\" height=\"534\" src=\"https:\/\/hazarmerjeni.travel\/wp-content\/uploads\/2025\/02\/4712670.jpg\" class=\"attachment-large size-large wp-image-892\" srcset=\"https:\/\/hazarmerjeni.travel\/wp-content\/uploads\/2025\/02\/4712670.jpg 1024w, https:\/\/hazarmerjeni.travel\/wp-content\/uploads\/2025\/02\/4712670-300x200.jpg 300w, https:\/\/hazarmerjeni.travel\/wp-content\/uploads\/2025\/02\/4712670-768x512.jpg 768w\" sizes=\"(max-width: 800px) 100vw, 800px\" \/>\t\t\t\t\t\t\t\t\t\t\t\t\t\t\t<\/div>\n\t\t\t\t<\/div>\n\t\t\t\t<\/div>\n\t\t<div class=\"elementor-element elementor-element-ba695c0 e-con-full elementor-hidden-mobile e-flex e-con e-child\" data-id=\"ba695c0\" data-element_type=\"container\">\n\t\t\t\t<div class=\"elementor-element elementor-element-1da5ba03 elementor-widget elementor-widget-image\" data-id=\"1da5ba03\" data-element_type=\"widget\" data-widget_type=\"image.default\">\n\t\t\t\t<div class=\"elementor-widget-container\">\n\t\t\t\t\t\t\t\t\t\t\t\t\t\t\t<img alt=\"\" loading=\"lazy\" decoding=\"async\" width=\"800\" height=\"534\" src=\"https:\/\/hazarmerjeni.travel\/wp-content\/uploads\/2025\/02\/131124-0007-1024x683.jpg\" class=\"attachment-large size-large wp-image-891\" srcset=\"https:\/\/hazarmerjeni.travel\/wp-content\/uploads\/2025\/02\/131124-0007-1024x683.jpg 1024w, https:\/\/hazarmerjeni.travel\/wp-content\/uploads\/2025\/02\/131124-0007-300x200.jpg 300w, https:\/\/hazarmerjeni.travel\/wp-content\/uploads\/2025\/02\/131124-0007-768x512.jpg 768w, https:\/\/hazarmerjeni.travel\/wp-content\/uploads\/2025\/02\/131124-0007.jpg 1200w\" sizes=\"(max-width: 800px) 100vw, 800px\" \/>\t\t\t\t\t\t\t\t\t\t\t\t\t\t\t<\/div>\n\t\t\t\t<\/div>\n\t\t\t\t<\/div>\n\t\t\t\t<\/div>\n\t\t<div class=\"elementor-element elementor-element-5ad393d8 e-con-full e-flex e-con e-child\" data-id=\"5ad393d8\" data-element_type=\"container\" data-settings=\"{&quot;background_background&quot;:&quot;classic&quot;}\">\n\t\t\t\t<div class=\"elementor-element elementor-element-b11501a elementor-widget-divider--view-line_text elementor-widget-divider--element-align-center elementor-invisible elementor-widget elementor-widget-divider\" data-id=\"b11501a\" data-element_type=\"widget\" data-settings=\"{&quot;_animation&quot;:&quot;fadeInUp&quot;}\" data-widget_type=\"divider.default\">\n\t\t\t\t<div class=\"elementor-widget-container\">\n\t\t\t\t\t\t\t<div class=\"elementor-divider\">\n\t\t\t<span class=\"elementor-divider-separator\">\n\t\t\t\t\t\t\t<h2 class=\"elementor-divider__text elementor-divider__element\">\n\t\t\t\tErleben Sie das pulsierende Unterhaltungs- und Veranstaltungsleben Turkmenistans!\t\t\t\t<\/h2>\n\t\t\t\t\t\t<\/span>\n\t\t<\/div>\n\t\t\t\t\t\t<\/div>\n\t\t\t\t<\/div>\n\t\t<div class=\"elementor-element elementor-element-3747aec7 e-con-full e-flex e-con e-child\" data-id=\"3747aec7\" data-element_type=\"container\">\n\t\t<div class=\"elementor-element elementor-element-4b5ea77 e-con-full e-flex elementor-invisible e-con e-child\" data-id=\"4b5ea77\" data-element_type=\"container\" data-settings=\"{&quot;animation&quot;:&quot;fadeInUp&quot;}\">\n\t\t\t\t<div class=\"elementor-element elementor-element-2a748873 elementor-widget elementor-widget-text-editor\" data-id=\"2a748873\" data-element_type=\"widget\" data-widget_type=\"text-editor.default\">\n\t\t\t\t<div class=\"elementor-widget-container\">\n\t\t\t\t\t\t\t\t\t<p>Turkmenistan ist ein pulsierendes Reiseziel, das eine einzigartige Mischung aus Kultur, Unterhaltung, Shopping und Natursch\u00f6nheiten bietet. Ob Sie nun die lebhaften Feste, die gesch\u00e4ftigen M\u00e4rkte oder die atemberaubenden Landschaften erkunden, dieses Land verspricht ein unvergessliches Erlebnis. Planen Sie Ihren Besuch und tauchen Sie ein in die reichen Traditionen und die herzliche Gastfreundschaft des Landes!<\/p><p><strong>Unterhaltung<\/strong><\/p><p>In Turkmenistan gibt es eine Vielzahl von Kultur- und Unterhaltungsveranstaltungen, darunter Theater, Kinos, Konzerte und Festivals. Zu den bekanntesten j\u00e4hrlichen Veranstaltungen des Landes geh\u00f6ren das Internationale Filmfestival, das Internationale Theaterfestival und der Wettbewerb f\u00fcr Volkskunst in Turkmenistan. Das weithin gefeierte Novruz-Bayram-Fest zieht Besucher aus der ganzen Welt an und bietet einen Einblick in die tief verwurzelten Traditionen und fr\u00f6hlichen Feste des Landes.<\/p><p>F\u00fcr Naturliebhaber hat Turkmenistan hei\u00dfe Quellen, Mineralwasser, unber\u00fchrte Str\u00e4nde und Nationalparks zu bieten, die sich hervorragend zum Entspannen und zur R\u00fcckbesinnung auf die Natur abseits des st\u00e4dtischen Trubels eignen.<\/p><p><strong>Einkaufen<\/strong><\/p><p>Turkmenistan ist weltber\u00fchmt f\u00fcr seine Textilien und Teppichweberei und bietet atemberaubende handgewebte Teppiche, Seidenstoffe und Lederwaren. Ein Besuch des Zentralmarktes in Aschgabat ist ein Muss. Hier finden Sie eine Vielzahl von Souvenirs, nationale Kleidung, Schmuck und exquisite Seidenprodukte.<\/p><p>Verpassen Sie auf keinen Fall die kultigen turkmenischen Bogenstiefel, ein typisches St\u00fcck der Nationaltracht, die in den Gesch\u00e4ften der Stadt erh\u00e4ltlich sind. Ob Sie nun ein stilvolles Andenken oder ein St\u00fcck Geschichte suchen, Turkmenistans Shopping-Szene hat f\u00fcr jeden etwas zu bieten!<\/p>\t\t\t\t\t\t\t\t<\/div>\n\t\t\t\t<\/div>\n\t\t\t\t<\/div>\n\t\t\t\t<\/div>\n\t\t\t\t<\/div>\n\t\t<div class=\"elementor-element elementor-element-34727be1 e-con-full e-flex elementor-invisible e-con e-child\" data-id=\"34727be1\" data-element_type=\"container\" data-settings=\"{&quot;animation&quot;:&quot;fadeInUp&quot;}\">\n\t\t<div class=\"elementor-element elementor-element-5a9c22b9 e-con-full e-flex e-con e-child\" data-id=\"5a9c22b9\" data-element_type=\"container\">\n\t\t\t\t<div class=\"elementor-element elementor-element-46b36b8c elementor-widget elementor-widget-image\" data-id=\"46b36b8c\" data-element_type=\"widget\" data-widget_type=\"image.default\">\n\t\t\t\t<div class=\"elementor-widget-container\">\n\t\t\t\t\t\t\t\t\t\t\t\t\t\t\t<img alt=\"\" loading=\"lazy\" decoding=\"async\" width=\"700\" height=\"466\" src=\"https:\/\/hazarmerjeni.travel\/wp-content\/uploads\/2025\/02\/Galkynysh-ceremony-Arkadag-1.jpg\" class=\"attachment-large size-large wp-image-895\" srcset=\"https:\/\/hazarmerjeni.travel\/wp-content\/uploads\/2025\/02\/Galkynysh-ceremony-Arkadag-1.jpg 700w, https:\/\/hazarmerjeni.travel\/wp-content\/uploads\/2025\/02\/Galkynysh-ceremony-Arkadag-1-300x200.jpg 300w\" sizes=\"(max-width: 700px) 100vw, 700px\" \/>\t\t\t\t\t\t\t\t\t\t\t\t\t\t\t<\/div>\n\t\t\t\t<\/div>\n\t\t\t\t<\/div>\n\t\t<div class=\"elementor-element elementor-element-47a9d9b3 e-con-full e-flex e-con e-child\" data-id=\"47a9d9b3\" data-element_type=\"container\">\n\t\t\t\t<div class=\"elementor-element elementor-element-581549a1 elementor-widget elementor-widget-image\" data-id=\"581549a1\" data-element_type=\"widget\" data-widget_type=\"image.default\">\n\t\t\t\t<div class=\"elementor-widget-container\">\n\t\t\t\t\t\t\t\t\t\t\t\t\t\t\t<img alt=\"\" loading=\"lazy\" decoding=\"async\" width=\"800\" height=\"447\" src=\"https:\/\/hazarmerjeni.travel\/wp-content\/uploads\/2025\/02\/09jpgjpg.jpg\" class=\"attachment-large size-large wp-image-890\" srcset=\"https:\/\/hazarmerjeni.travel\/wp-content\/uploads\/2025\/02\/09jpgjpg.jpg 1024w, https:\/\/hazarmerjeni.travel\/wp-content\/uploads\/2025\/02\/09jpgjpg-300x168.jpg 300w, https:\/\/hazarmerjeni.travel\/wp-content\/uploads\/2025\/02\/09jpgjpg-768x429.jpg 768w\" sizes=\"(max-width: 800px) 100vw, 800px\" \/>\t\t\t\t\t\t\t\t\t\t\t\t\t\t\t<\/div>\n\t\t\t\t<\/div>\n\t\t\t\t<\/div>\n\t\t<div class=\"elementor-element elementor-element-359a40c6 e-con-full elementor-hidden-mobile e-flex e-con e-child\" data-id=\"359a40c6\" data-element_type=\"container\">\n\t\t\t\t<div class=\"elementor-element elementor-element-5ba124db elementor-widget elementor-widget-image\" data-id=\"5ba124db\" data-element_type=\"widget\" data-widget_type=\"image.default\">\n\t\t\t\t<div class=\"elementor-widget-container\">\n\t\t\t\t\t\t\t\t\t\t\t\t\t\t\t<img alt=\"\" loading=\"lazy\" decoding=\"async\" width=\"800\" height=\"420\" src=\"https:\/\/hazarmerjeni.travel\/wp-content\/uploads\/2025\/02\/18012025-003-1024x538.jpg\" class=\"attachment-large size-large wp-image-893\" srcset=\"https:\/\/hazarmerjeni.travel\/wp-content\/uploads\/2025\/02\/18012025-003-1024x538.jpg 1024w, https:\/\/hazarmerjeni.travel\/wp-content\/uploads\/2025\/02\/18012025-003-300x158.jpg 300w, https:\/\/hazarmerjeni.travel\/wp-content\/uploads\/2025\/02\/18012025-003-768x404.jpg 768w, https:\/\/hazarmerjeni.travel\/wp-content\/uploads\/2025\/02\/18012025-003.jpg 1200w\" sizes=\"(max-width: 800px) 100vw, 800px\" \/>\t\t\t\t\t\t\t\t\t\t\t\t\t\t\t<\/div>\n\t\t\t\t<\/div>\n\t\t\t\t<\/div>\n\t\t<div class=\"elementor-element elementor-element-50a3e541 e-con-full elementor-hidden-mobile e-flex e-con e-child\" data-id=\"50a3e541\" data-element_type=\"container\">\n\t\t\t\t<div class=\"elementor-element elementor-element-6fade9a0 elementor-widget elementor-widget-image\" data-id=\"6fade9a0\" data-element_type=\"widget\" data-widget_type=\"image.default\">\n\t\t\t\t<div class=\"elementor-widget-container\">\n\t\t\t\t\t\t\t\t\t\t\t\t\t\t\t<img alt=\"\" loading=\"lazy\" decoding=\"async\" width=\"800\" height=\"534\" src=\"https:\/\/hazarmerjeni.travel\/wp-content\/uploads\/2025\/02\/pic_1_new.jpg\" class=\"attachment-large size-large wp-image-888\" srcset=\"https:\/\/hazarmerjeni.travel\/wp-content\/uploads\/2025\/02\/pic_1_new.jpg 1000w, https:\/\/hazarmerjeni.travel\/wp-content\/uploads\/2025\/02\/pic_1_new-300x200.jpg 300w, https:\/\/hazarmerjeni.travel\/wp-content\/uploads\/2025\/02\/pic_1_new-768x512.jpg 768w\" sizes=\"(max-width: 800px) 100vw, 800px\" \/>\t\t\t\t\t\t\t\t\t\t\t\t\t\t\t<\/div>\n\t\t\t\t<\/div>\n\t\t\t\t<\/div>\n\t\t\t\t<\/div>\n\t\t\t\t\t<\/div>\n\t\t\t\t<\/div>\n\t\t\t\t<\/div>","protected":false},"excerpt":{"rendered":"<p>Unterhaltung und Veranstaltungen in Turkmenistan Von farbenfrohen Festivals bis hin zu kulturellen Darbietungen bietet Turkmenistan eine lebendige und unvergessliche Unterhaltungsszene. Genie\u00dfen Sie Theater-, Kino- und Musikfestivals von Weltklasse oder feiern Sie traditionelle Veranstaltungen wie Novruz Bayram, die von Freude und Kultur gepr\u00e4gt sind. Entdecken Sie atemberaubende Nationalparks, hei\u00dfe Quellen und unber\u00fchrte Str\u00e4nde, die zu Abenteuern im Freien einladen. Vergessen Sie nicht, [...]<\/p>","protected":false},"author":1,"featured_media":0,"parent":0,"menu_order":0,"comment_status":"closed","ping_status":"closed","template":"","meta":{"_acf_changed":false,"_seopress_robots_primary_cat":"","_seopress_titles_title":"Entertainment & Activities in Turkmenistan \u2013 Best Things to Do","_seopress_titles_desc":"Discover the best entertainment and activities in Turkmenistan! From cultural performances to outdoor adventures, our travel agency helps you experience the top attractions. Plan your trip today!","_seopress_robots_index":"","footnotes":""},"class_list":["post-887","page","type-page","status-publish","hentry"],"acf":[],"_links":{"self":[{"href":"https:\/\/hazarmerjeni.travel\/de\/wp-json\/wp\/v2\/pages\/887","targetHints":{"allow":["GET"]}}],"collection":[{"href":"https:\/\/hazarmerjeni.travel\/de\/wp-json\/wp\/v2\/pages"}],"about":[{"href":"https:\/\/hazarmerjeni.travel\/de\/wp-json\/wp\/v2\/types\/page"}],"author":[{"embeddable":true,"href":"https:\/\/hazarmerjeni.travel\/de\/wp-json\/wp\/v2\/users\/1"}],"replies":[{"embeddable":true,"href":"https:\/\/hazarmerjeni.travel\/de\/wp-json\/wp\/v2\/comments?post=887"}],"version-history":[{"count":15,"href":"https:\/\/hazarmerjeni.travel\/de\/wp-json\/wp\/v2\/pages\/887\/revisions"}],"predecessor-version":[{"id":1219,"href":"https:\/\/hazarmerjeni.travel\/de\/wp-json\/wp\/v2\/pages\/887\/revisions\/1219"}],"wp:attachment":[{"href":"https:\/\/hazarmerjeni.travel\/de\/wp-json\/wp\/v2\/media?parent=887"}],"curies":[{"name":"wp","href":"https:\/\/api.w.org\/{rel}","templated":true}]}}