{"id":116,"date":"2025-01-29T15:19:30","date_gmt":"2025-01-29T09:19:30","guid":{"rendered":"https:\/\/hazarmerjeni.travel\/?page_id=116"},"modified":"2025-03-03T20:06:45","modified_gmt":"2025-03-03T15:06:45","slug":"turkmenistan","status":"publish","type":"page","link":"https:\/\/hazarmerjeni.travel\/de\/turkmenistan\/","title":{"rendered":"Turkmenistan"},"content":{"rendered":"<div data-elementor-type=\"wp-page\" data-elementor-id=\"116\" class=\"elementor elementor-116\" data-elementor-post-type=\"page\">\n\t\t\t\t<div data-dce-background-overlay-color=\"#00000047\" data-dce-background-image-url=\"https:\/\/hazarmerjeni.travel\/wp-content\/uploads\/2025\/01\/merv-turkmenistan.jpg\" class=\"elementor-element elementor-element-f0678ac e-flex e-con-boxed e-con e-parent\" data-id=\"f0678ac\" data-element_type=\"container\" data-settings=\"{&quot;background_background&quot;:&quot;classic&quot;}\">\n\t\t\t\t\t<div class=\"e-con-inner\">\n\t\t<div class=\"elementor-element elementor-element-40b18cfa e-con-full e-flex e-con e-child\" data-id=\"40b18cfa\" data-element_type=\"container\" data-settings=\"{&quot;background_background&quot;:&quot;classic&quot;}\">\n\t\t\t\t<div class=\"elementor-element elementor-element-62b2e0a2 elementor-widget-divider--view-line_text elementor-widget-divider--element-align-center elementor-invisible elementor-widget elementor-widget-divider\" data-id=\"62b2e0a2\" data-element_type=\"widget\" data-settings=\"{&quot;_animation&quot;:&quot;fadeInRight&quot;}\" data-widget_type=\"divider.default\">\n\t\t\t\t<div class=\"elementor-widget-container\">\n\t\t\t\t\t\t\t<div class=\"elementor-divider\">\n\t\t\t<span class=\"elementor-divider-separator\">\n\t\t\t\t\t\t\t<h1 class=\"elementor-divider__text elementor-divider__element\">\n\t\t\t\tReisen nach Turkmenistan\t\t\t\t<\/h1>\n\t\t\t\t\t\t<\/span>\n\t\t<\/div>\n\t\t\t\t\t\t<\/div>\n\t\t\t\t<\/div>\n\t\t\t\t<div class=\"elementor-element elementor-element-32fec579 elementor-widget-divider--view-line_text elementor-widget-divider--element-align-center elementor-invisible elementor-widget elementor-widget-divider\" data-id=\"32fec579\" data-element_type=\"widget\" data-settings=\"{&quot;_animation&quot;:&quot;fadeInLeft&quot;}\" data-widget_type=\"divider.default\">\n\t\t\t\t<div class=\"elementor-widget-container\">\n\t\t\t\t\t\t\t<div class=\"elementor-divider\">\n\t\t\t<span class=\"elementor-divider-separator\">\n\t\t\t\t\t\t\t<h2 class=\"elementor-divider__text elementor-divider__element\">\n\t\t\t\tEntdecken Sie unser sch\u00f6nes Land\t\t\t\t<\/h2>\n\t\t\t\t\t\t<\/span>\n\t\t<\/div>\n\t\t\t\t\t\t<\/div>\n\t\t\t\t<\/div>\n\t\t<div class=\"elementor-element elementor-element-71a8e4b e-con-full e-flex e-con e-child\" data-id=\"71a8e4b\" data-element_type=\"container\">\n\t\t<div class=\"elementor-element elementor-element-b9b11c4 e-con-full e-flex elementor-invisible e-con e-child\" data-id=\"b9b11c4\" data-element_type=\"container\" data-settings=\"{&quot;animation&quot;:&quot;fadeInLeft&quot;,&quot;background_background&quot;:&quot;classic&quot;}\">\n\t\t<div data-dce-background-color=\"#0201016B\" class=\"elementor-element elementor-element-5c98faef e-con-full e-flex e-con e-child\" data-id=\"5c98faef\" data-element_type=\"container\" data-settings=\"{&quot;background_background&quot;:&quot;classic&quot;}\">\n\t\t\t\t<div class=\"elementor-element elementor-element-40bcf442 elementor-widget elementor-widget-text-editor\" data-id=\"40bcf442\" data-element_type=\"widget\" data-widget_type=\"text-editor.default\">\n\t\t\t\t<div class=\"elementor-widget-container\">\n\t\t\t\t\t\t\t\t\t<p>Entdecken Sie das versteckte Juwel Zentralasiens - Turkmenistan! Von den faszinierenden H\u00f6llentoren in der Karakum-W\u00fcste bis zur atemberaubenden Hauptstadt Aschgabat aus wei\u00dfem Marmor - dieses Land mit seiner alten Seidenstra\u00dfengeschichte und seinen atemberaubenden Landschaften wartet darauf, erkundet zu werden. Wandern Sie durch die Ruinen von Merv, die zum UNESCO-Weltkulturerbe geh\u00f6ren, oder bestaunen Sie die unber\u00fchrten K\u00fcsten des Kaspischen Meeres. Ob Sie nun von der einzigartigen Kultur, den reichen Traditionen oder der surrealen Architektur des Landes angezogen werden, Turkmenistan verspricht ein unvergessliches Abenteuer. Kommen Sie und erleben Sie seinen Zauber selbst!<\/p>\t\t\t\t\t\t\t\t<\/div>\n\t\t\t\t<\/div>\n\t\t\t\t<\/div>\n\t\t\t\t<\/div>\n\t\t<div class=\"elementor-element elementor-element-18a02968 e-con-full e-flex elementor-invisible e-con e-child\" data-id=\"18a02968\" data-element_type=\"container\" data-settings=\"{&quot;animation&quot;:&quot;fadeInRight&quot;}\">\n\t\t<div class=\"elementor-element elementor-element-2ba2d15 e-con-full e-flex elementor-invisible e-con e-child\" data-id=\"2ba2d15\" data-element_type=\"container\" data-settings=\"{&quot;animation&quot;:&quot;fadeInUp&quot;}\">\n\t\t\t\t<div class=\"elementor-element elementor-element-a2eab43 elementor-arrows-position-inside elementor-pagination-position-outside elementor-widget elementor-widget-image-carousel\" data-id=\"a2eab43\" data-element_type=\"widget\" data-settings=\"{&quot;slides_to_show&quot;:&quot;2&quot;,&quot;slides_to_scroll&quot;:&quot;1&quot;,&quot;lazyload&quot;:&quot;yes&quot;,&quot;slides_to_show_mobile&quot;:&quot;2&quot;,&quot;navigation&quot;:&quot;both&quot;,&quot;autoplay&quot;:&quot;yes&quot;,&quot;pause_on_hover&quot;:&quot;yes&quot;,&quot;pause_on_interaction&quot;:&quot;yes&quot;,&quot;autoplay_speed&quot;:5000,&quot;infinite&quot;:&quot;yes&quot;,&quot;speed&quot;:500,&quot;image_spacing_custom&quot;:{&quot;unit&quot;:&quot;px&quot;,&quot;size&quot;:20,&quot;sizes&quot;:[]},&quot;image_spacing_custom_tablet&quot;:{&quot;unit&quot;:&quot;px&quot;,&quot;size&quot;:&quot;&quot;,&quot;sizes&quot;:[]},&quot;image_spacing_custom_mobile&quot;:{&quot;unit&quot;:&quot;px&quot;,&quot;size&quot;:&quot;&quot;,&quot;sizes&quot;:[]}}\" data-widget_type=\"image-carousel.default\">\n\t\t\t\t<div class=\"elementor-widget-container\">\n\t\t\t\t\t\t\t<div class=\"elementor-image-carousel-wrapper swiper\" role=\"region\" aria-roledescription=\"carousel\" aria-label=\"Bild-Karussell\" dir=\"ltr\">\n\t\t\t<div class=\"elementor-image-carousel swiper-wrapper\" aria-live=\"off\">\n\t\t\t\t\t\t\t\t<div class=\"swiper-slide\" role=\"group\" aria-roledescription=\"slide\" aria-label=\"1 \u0438\u0437 8\" data-no-translation-aria-label=\"\"><figure class=\"swiper-slide-inner\"><img class=\"swiper-slide-image swiper-lazy\" data-src=\"https:\/\/hazarmerjeni.travel\/wp-content\/uploads\/2025\/02\/about-turkmenistan-avaza-qa0w583.jpg\" alt=\"\u00fcber-turkmenistan-avaza-qa0w583\" \/><div class=\"swiper-lazy-preloader\"><\/div><\/figure><\/div><div class=\"swiper-slide\" role=\"group\" aria-roledescription=\"slide\" aria-label=\"2 \u0438\u0437 8\" data-no-translation-aria-label=\"\"><figure class=\"swiper-slide-inner\"><img class=\"swiper-slide-image swiper-lazy\" data-src=\"https:\/\/hazarmerjeni.travel\/wp-content\/uploads\/2025\/02\/about-turkmenistan-awaza-qa0w583.jpg\" alt=\"\u00fcber-turkmenistan-awaza-qa0w583\" \/><div class=\"swiper-lazy-preloader\"><\/div><\/figure><\/div><div class=\"swiper-slide\" role=\"group\" aria-roledescription=\"slide\" aria-label=\"3 \u0438\u0437 8\" data-no-translation-aria-label=\"\"><figure class=\"swiper-slide-inner\"><img class=\"swiper-slide-image swiper-lazy\" data-src=\"https:\/\/hazarmerjeni.travel\/wp-content\/uploads\/2025\/02\/about-turkmenistan-camels-qa0w58.jpg\" alt=\"\u00fcber-turkmenistan-kamele-qa0w58\" \/><div class=\"swiper-lazy-preloader\"><\/div><\/figure><\/div><div class=\"swiper-slide\" role=\"group\" aria-roledescription=\"slide\" aria-label=\"4 \u0438\u0437 8\" data-no-translation-aria-label=\"\"><figure class=\"swiper-slide-inner\"><img class=\"swiper-slide-image swiper-lazy\" data-src=\"https:\/\/hazarmerjeni.travel\/wp-content\/uploads\/2025\/02\/about-turkmenistan-ertugrul-gazi.jpg\" alt=\"\u00fcber-turkmenistan-ertugrul-gazi\" \/><div class=\"swiper-lazy-preloader\"><\/div><\/figure><\/div><div class=\"swiper-slide\" role=\"group\" aria-roledescription=\"slide\" aria-label=\"5 \u0438\u0437 8\" data-no-translation-aria-label=\"\"><figure class=\"swiper-slide-inner\"><img class=\"swiper-slide-image swiper-lazy\" data-src=\"https:\/\/hazarmerjeni.travel\/wp-content\/uploads\/2025\/02\/about-turkmenistan-kanony-yangik.jpg\" alt=\"\u00fcber-turkmenistan-kanony-yangik\" \/><div class=\"swiper-lazy-preloader\"><\/div><\/figure><\/div><div class=\"swiper-slide\" role=\"group\" aria-roledescription=\"slide\" aria-label=\"6 \u0438\u0437 8\" data-no-translation-aria-label=\"\"><figure class=\"swiper-slide-inner\"><img class=\"swiper-slide-image swiper-lazy\" data-src=\"https:\/\/hazarmerjeni.travel\/wp-content\/uploads\/2025\/02\/about-turkmenistan-krepost-kyrk.jpg\" alt=\"\u00fcber-turkmenistan-krepost-kyrk\" \/><div class=\"swiper-lazy-preloader\"><\/div><\/figure><\/div><div class=\"swiper-slide\" role=\"group\" aria-roledescription=\"slide\" aria-label=\"7 \u0438\u0437 8\" data-no-translation-aria-label=\"\"><figure class=\"swiper-slide-inner\"><img class=\"swiper-slide-image swiper-lazy\" data-src=\"https:\/\/hazarmerjeni.travel\/wp-content\/uploads\/2025\/02\/about-turkmenistan-kunya-urgenc.jpg\" alt=\"\u00fcber-turkmenistan-kunya-urgenc\" \/><div class=\"swiper-lazy-preloader\"><\/div><\/figure><\/div><div class=\"swiper-slide\" role=\"group\" aria-roledescription=\"slide\" aria-label=\"8 \u0438\u0437 8\" data-no-translation-aria-label=\"\"><figure class=\"swiper-slide-inner\"><img class=\"swiper-slide-image swiper-lazy\" data-src=\"https:\/\/hazarmerjeni.travel\/wp-content\/uploads\/2025\/02\/about-turkmenistan-the-ancient-c.jpg\" alt=\"\u00fcber-turkmenistan-das-altertum-\" \/><div class=\"swiper-lazy-preloader\"><\/div><\/figure><\/div>\t\t\t<\/div>\n\t\t\t\t\t\t\t\t\t\t\t\t<div class=\"elementor-swiper-button elementor-swiper-button-prev\" role=\"button\" tabindex=\"0\">\n\t\t\t\t\t\t<svg aria-hidden=\"true\" class=\"e-font-icon-svg e-eicon-chevron-left\" viewbox=\"0 0 1000 1000\" xmlns=\"http:\/\/www.w3.org\/2000\/svg\"><path d=\"M646 125C629 125 613 133 604 142L308 442C296 454 292 471 292 487 292 504 296 521 308 533L604 854C617 867 629 875 646 875 663 875 679 871 692 858 704 846 713 829 713 812 713 796 708 779 692 767L438 487 692 225C700 217 708 204 708 187 708 171 704 154 692 142 675 129 663 125 646 125Z\"><\/path><\/svg>\t\t\t\t\t<\/div>\n\t\t\t\t\t<div class=\"elementor-swiper-button elementor-swiper-button-next\" role=\"button\" tabindex=\"0\">\n\t\t\t\t\t\t<svg aria-hidden=\"true\" class=\"e-font-icon-svg e-eicon-chevron-right\" viewbox=\"0 0 1000 1000\" xmlns=\"http:\/\/www.w3.org\/2000\/svg\"><path d=\"M696 533C708 521 713 504 713 487 713 471 708 454 696 446L400 146C388 133 375 125 354 125 338 125 325 129 313 142 300 154 292 171 292 187 292 204 296 221 308 233L563 492 304 771C292 783 288 800 288 817 288 833 296 850 308 863 321 871 338 875 354 875 371 875 388 867 400 854L696 533Z\"><\/path><\/svg>\t\t\t\t\t<\/div>\n\t\t\t\t\n\t\t\t\t\t\t\t\t\t<div class=\"swiper-pagination\"><\/div>\n\t\t\t\t\t\t\t\t\t<\/div>\n\t\t\t\t\t\t<\/div>\n\t\t\t\t<\/div>\n\t\t\t\t<\/div>\n\t\t\t\t<\/div>\n\t\t\t\t<\/div>\n\t\t\t\t<\/div>\n\t\t\t\t\t<\/div>\n\t\t\t\t<\/div>\n\t\t<div class=\"elementor-element elementor-element-572ebc94 e-flex e-con-boxed e-con e-parent\" data-id=\"572ebc94\" data-element_type=\"container\" data-settings=\"{&quot;background_background&quot;:&quot;classic&quot;}\">\n\t\t\t\t\t<div class=\"e-con-inner\">\n\t\t<div class=\"elementor-element elementor-element-24a87029 e-con-full e-flex elementor-invisible e-con e-child\" data-id=\"24a87029\" data-element_type=\"container\" data-settings=\"{&quot;animation&quot;:&quot;fadeInUp&quot;}\">\n\t\t<div class=\"elementor-element elementor-element-be68353 e-con-full e-flex e-con e-child\" data-id=\"be68353\" data-element_type=\"container\">\n\t\t\t\t<div class=\"elementor-element elementor-element-26123f75 elementor-widget elementor-widget-image\" data-id=\"26123f75\" data-element_type=\"widget\" data-widget_type=\"image.default\">\n\t\t\t\t<div class=\"elementor-widget-container\">\n\t\t\t\t\t\t\t\t\t\t\t\t\t\t\t<img alt=\"\" fetchpriority=\"high\" decoding=\"async\" width=\"727\" height=\"520\" src=\"https:\/\/hazarmerjeni.travel\/wp-content\/uploads\/2025\/02\/oguzhan-fontaine-hazar-merjeni-t.jpg\" class=\"attachment-large size-large wp-image-254\" srcset=\"https:\/\/hazarmerjeni.travel\/wp-content\/uploads\/2025\/02\/oguzhan-fontaine-hazar-merjeni-t.jpg 727w, https:\/\/hazarmerjeni.travel\/wp-content\/uploads\/2025\/02\/oguzhan-fontaine-hazar-merjeni-t-300x215.jpg 300w\" sizes=\"(max-width: 727px) 100vw, 727px\" \/>\t\t\t\t\t\t\t\t\t\t\t\t\t\t\t<\/div>\n\t\t\t\t<\/div>\n\t\t\t\t<\/div>\n\t\t<div class=\"elementor-element elementor-element-b9bdbb4 e-con-full e-flex e-con e-child\" data-id=\"b9bdbb4\" data-element_type=\"container\">\n\t\t\t\t<div class=\"elementor-element elementor-element-6dd69263 elementor-widget elementor-widget-image\" data-id=\"6dd69263\" data-element_type=\"widget\" data-widget_type=\"image.default\">\n\t\t\t\t<div class=\"elementor-widget-container\">\n\t\t\t\t\t\t\t\t\t\t\t\t\t\t\t<img alt=\"\" decoding=\"async\" width=\"727\" height=\"520\" src=\"https:\/\/hazarmerjeni.travel\/wp-content\/uploads\/2025\/01\/yangykala-canyon-in-balkan-velay.jpg\" class=\"attachment-large size-large wp-image-141\" srcset=\"https:\/\/hazarmerjeni.travel\/wp-content\/uploads\/2025\/01\/yangykala-canyon-in-balkan-velay.jpg 727w, https:\/\/hazarmerjeni.travel\/wp-content\/uploads\/2025\/01\/yangykala-canyon-in-balkan-velay-300x215.jpg 300w\" sizes=\"(max-width: 727px) 100vw, 727px\" \/>\t\t\t\t\t\t\t\t\t\t\t\t\t\t\t<\/div>\n\t\t\t\t<\/div>\n\t\t\t\t<\/div>\n\t\t<div class=\"elementor-element elementor-element-7aa67cc7 e-con-full elementor-hidden-mobile e-flex e-con e-child\" data-id=\"7aa67cc7\" data-element_type=\"container\">\n\t\t\t\t<div class=\"elementor-element elementor-element-58839200 elementor-widget elementor-widget-image\" data-id=\"58839200\" data-element_type=\"widget\" data-widget_type=\"image.default\">\n\t\t\t\t<div class=\"elementor-widget-container\">\n\t\t\t\t\t\t\t\t\t\t\t\t\t\t\t<img alt=\"\" decoding=\"async\" width=\"727\" height=\"520\" src=\"https:\/\/hazarmerjeni.travel\/wp-content\/uploads\/2025\/02\/president-monument-hazar-merjeni.jpg\" class=\"attachment-large size-large wp-image-255\" srcset=\"https:\/\/hazarmerjeni.travel\/wp-content\/uploads\/2025\/02\/president-monument-hazar-merjeni.jpg 727w, https:\/\/hazarmerjeni.travel\/wp-content\/uploads\/2025\/02\/president-monument-hazar-merjeni-300x215.jpg 300w\" sizes=\"(max-width: 727px) 100vw, 727px\" \/>\t\t\t\t\t\t\t\t\t\t\t\t\t\t\t<\/div>\n\t\t\t\t<\/div>\n\t\t\t\t<\/div>\n\t\t<div class=\"elementor-element elementor-element-48f4ef99 e-con-full elementor-hidden-mobile e-flex e-con e-child\" data-id=\"48f4ef99\" data-element_type=\"container\">\n\t\t\t\t<div class=\"elementor-element elementor-element-547166d5 elementor-widget elementor-widget-image\" data-id=\"547166d5\" data-element_type=\"widget\" data-widget_type=\"image.default\">\n\t\t\t\t<div class=\"elementor-widget-container\">\n\t\t\t\t\t\t\t\t\t\t\t\t\t\t\t<img alt=\"\" loading=\"lazy\" decoding=\"async\" width=\"727\" height=\"520\" src=\"https:\/\/hazarmerjeni.travel\/wp-content\/uploads\/2025\/02\/yangy-kala-canyon-in-balkan-vela.jpg\" class=\"attachment-large size-large wp-image-998\" srcset=\"https:\/\/hazarmerjeni.travel\/wp-content\/uploads\/2025\/02\/yangy-kala-canyon-in-balkan-vela.jpg 727w, https:\/\/hazarmerjeni.travel\/wp-content\/uploads\/2025\/02\/yangy-kala-canyon-in-balkan-vela-300x215.jpg 300w\" sizes=\"(max-width: 727px) 100vw, 727px\" \/>\t\t\t\t\t\t\t\t\t\t\t\t\t\t\t<\/div>\n\t\t\t\t<\/div>\n\t\t\t\t<\/div>\n\t\t\t\t<\/div>\n\t\t<div class=\"elementor-element elementor-element-2676a599 e-con-full e-flex e-con e-child\" data-id=\"2676a599\" data-element_type=\"container\" data-settings=\"{&quot;background_background&quot;:&quot;classic&quot;}\">\n\t\t\t\t<div class=\"elementor-element elementor-element-5e95c0a6 elementor-widget-divider--view-line_text elementor-widget-divider--element-align-center elementor-invisible elementor-widget elementor-widget-divider\" data-id=\"5e95c0a6\" data-element_type=\"widget\" data-settings=\"{&quot;_animation&quot;:&quot;fadeInUp&quot;}\" data-widget_type=\"divider.default\">\n\t\t\t\t<div class=\"elementor-widget-container\">\n\t\t\t\t\t\t\t<div class=\"elementor-divider\">\n\t\t\t<span class=\"elementor-divider-separator\">\n\t\t\t\t\t\t\t<h2 class=\"elementor-divider__text elementor-divider__element\">\n\t\t\t\t\u00dcBER TURKMENISTAN\t\t\t\t<\/h2>\n\t\t\t\t\t\t<\/span>\n\t\t<\/div>\n\t\t\t\t\t\t<\/div>\n\t\t\t\t<\/div>\n\t\t<div class=\"elementor-element elementor-element-7086f2c1 e-con-full e-flex e-con e-child\" data-id=\"7086f2c1\" data-element_type=\"container\">\n\t\t<div class=\"elementor-element elementor-element-692a5b3b e-con-full e-flex elementor-invisible e-con e-child\" data-id=\"692a5b3b\" data-element_type=\"container\" data-settings=\"{&quot;animation&quot;:&quot;fadeInUp&quot;}\">\n\t\t\t\t<div class=\"elementor-element elementor-element-7813be9 elementor-widget elementor-widget-text-editor\" data-id=\"7813be9\" data-element_type=\"widget\" data-widget_type=\"text-editor.default\">\n\t\t\t\t<div class=\"elementor-widget-container\">\n\t\t\t\t\t\t\t\t\t<p>Turkmenistan ist ein wundersch\u00f6nes Land mit einem reichen kulturellen Erbe und gastfreundlichen Menschen. Besucher k\u00f6nnen die traditionelle Architektur und Kunst bewundern und gleichzeitig die Sch\u00f6nheit der Natur und die Vielfalt der Kulturen bestaunen.<\/p><p>Kunya-Urgench ist ein Pflichtbesuch f\u00fcr Touristen. Es handelt sich um eine alte Stadt, die einst eine der gr\u00f6\u00dften der Welt war. Heutzutage ist sie aufgrund ihrer reichen Geschichte und der unverwechselbaren Gestaltung ihrer mittelalterlichen Mausoleen ein beliebtes Touristenziel.<\/p><p>Wenn Sie sich f\u00fcr die Erkundung historischer St\u00e4tten interessieren, ist Turkmenistans Stadt Merv im Westen des Landes einen Besuch wert. Diese antike Stadt, die auch als \"K\u00f6nigin von Parthien\" bekannt ist, war zwischen dem 8. und 13. Jahrhundert eine der gr\u00f6\u00dften St\u00e4dte der Welt. Heutzutage zieht es Touristen aus aller Welt nach Merv, um die \u00dcberreste alter Geb\u00e4ude und Festungen, Moscheen und wundersch\u00f6ne architektonische Denkm\u00e4ler zu sehen.<\/p><p>Ashgabat, die Stadt, die f\u00fcr ihre modernen Annehmlichkeiten und Dienstleistungen bekannt ist, bietet komfortable Hotels, zahlreiche Restaurants, die k\u00f6stliche nationale K\u00fcche servieren, und Gesch\u00e4fte, die lokale Waren und Souvenirs verkaufen. Dar\u00fcber hinaus k\u00f6nnen Besucher in den bezaubernden Parks und gem\u00fctlichen Caf\u00e9s eine entspannte Zeit verbringen.<\/p><p>Kulturell beeindruckend sind die turkmenischen Volkst\u00e4nze, die traditionelle Musik und die Kunst, die Sie mit ihrer Sch\u00f6nheit und ihrem Glanz verzaubern werden. Au\u00dferdem ist Turkmenistan ber\u00fchmt f\u00fcr sein traditionelles Kunsthandwerk wie Teppichweberei, Keramik und nationale Stickereien. Die lokalen M\u00e4rkte und Basare bieten eine gro\u00dfe Auswahl an Souvenirs und Kunsthandwerk.<\/p><p>Der Unabh\u00e4ngigkeitstag wird in Turkmenistan jedes Jahr im Fr\u00fchherbst gefeiert und ist damit einer der beliebtesten Feiertage des Landes. An diesem Tag werden die Pl\u00e4tze der Stadt mit Nationalflaggen und Bannern geschm\u00fcckt, und es gibt viele aufregende Aktivit\u00e4ten wie Konzerte, traditionelle T\u00e4nze und Wettbewerbe, an denen man teilnehmen kann. Ein Ereignis, das Sie auf keinen Fall verpassen sollten, wenn Sie zu dieser Zeit in Turkmenistan sind.<\/p><p>Turkmenistan ist nicht nur ein wunderbarer Ort mit einer bedeutenden Geschichte und einer einzigartigen Architektur, sondern auch ein gastfreundliches Land, in dem die G\u00e4ste immer mit warmen Erinnerungen an ihre Abenteuer zur\u00fcckbleiben werden.<\/p>\t\t\t\t\t\t\t\t<\/div>\n\t\t\t\t<\/div>\n\t\t\t\t<\/div>\n\t\t\t\t<\/div>\n\t\t\t\t<\/div>\n\t\t<div class=\"elementor-element elementor-element-3346ea9b e-con-full e-flex elementor-invisible e-con e-child\" data-id=\"3346ea9b\" data-element_type=\"container\" data-settings=\"{&quot;animation&quot;:&quot;fadeInUp&quot;}\">\n\t\t<div class=\"elementor-element elementor-element-427af1f1 e-con-full e-flex e-con e-child\" data-id=\"427af1f1\" data-element_type=\"container\">\n\t\t\t\t<div class=\"elementor-element elementor-element-4ca1d1c7 elementor-widget elementor-widget-image\" data-id=\"4ca1d1c7\" data-element_type=\"widget\" data-widget_type=\"image.default\">\n\t\t\t\t<div class=\"elementor-widget-container\">\n\t\t\t\t\t\t\t\t\t\t\t\t\t\t\t<img alt=\"\" loading=\"lazy\" decoding=\"async\" width=\"727\" height=\"520\" src=\"https:\/\/hazarmerjeni.travel\/wp-content\/uploads\/2025\/02\/turkmenistan-ashgabat-city.jpg\" class=\"attachment-large size-large wp-image-996\" srcset=\"https:\/\/hazarmerjeni.travel\/wp-content\/uploads\/2025\/02\/turkmenistan-ashgabat-city.jpg 727w, https:\/\/hazarmerjeni.travel\/wp-content\/uploads\/2025\/02\/turkmenistan-ashgabat-city-300x215.jpg 300w\" sizes=\"(max-width: 727px) 100vw, 727px\" \/>\t\t\t\t\t\t\t\t\t\t\t\t\t\t\t<\/div>\n\t\t\t\t<\/div>\n\t\t\t\t<\/div>\n\t\t<div class=\"elementor-element elementor-element-6fa53f5e e-con-full e-flex e-con e-child\" data-id=\"6fa53f5e\" data-element_type=\"container\">\n\t\t\t\t<div class=\"elementor-element elementor-element-196bb4d3 elementor-widget elementor-widget-image\" data-id=\"196bb4d3\" data-element_type=\"widget\" data-widget_type=\"image.default\">\n\t\t\t\t<div class=\"elementor-widget-container\">\n\t\t\t\t\t\t\t\t\t\t\t\t\t\t\t<img alt=\"\" loading=\"lazy\" decoding=\"async\" width=\"727\" height=\"520\" src=\"https:\/\/hazarmerjeni.travel\/wp-content\/uploads\/2025\/01\/neutrality-monument-ashgabat-haz.jpg\" class=\"attachment-large size-large wp-image-142\" srcset=\"https:\/\/hazarmerjeni.travel\/wp-content\/uploads\/2025\/01\/neutrality-monument-ashgabat-haz.jpg 727w, https:\/\/hazarmerjeni.travel\/wp-content\/uploads\/2025\/01\/neutrality-monument-ashgabat-haz-300x215.jpg 300w\" sizes=\"(max-width: 727px) 100vw, 727px\" \/>\t\t\t\t\t\t\t\t\t\t\t\t\t\t\t<\/div>\n\t\t\t\t<\/div>\n\t\t\t\t<\/div>\n\t\t<div class=\"elementor-element elementor-element-3596ede2 e-con-full elementor-hidden-mobile e-flex e-con e-child\" data-id=\"3596ede2\" data-element_type=\"container\">\n\t\t\t\t<div class=\"elementor-element elementor-element-599fa930 elementor-widget elementor-widget-image\" data-id=\"599fa930\" data-element_type=\"widget\" data-widget_type=\"image.default\">\n\t\t\t\t<div class=\"elementor-widget-container\">\n\t\t\t\t\t\t\t\t\t\t\t\t\t\t\t<img alt=\"\" loading=\"lazy\" decoding=\"async\" width=\"727\" height=\"520\" src=\"https:\/\/hazarmerjeni.travel\/wp-content\/uploads\/2025\/02\/city-of-Turkmenbashi.jpg\" class=\"attachment-large size-large wp-image-999\" srcset=\"https:\/\/hazarmerjeni.travel\/wp-content\/uploads\/2025\/02\/city-of-Turkmenbashi.jpg 727w, https:\/\/hazarmerjeni.travel\/wp-content\/uploads\/2025\/02\/city-of-Turkmenbashi-300x215.jpg 300w\" sizes=\"(max-width: 727px) 100vw, 727px\" \/>\t\t\t\t\t\t\t\t\t\t\t\t\t\t\t<\/div>\n\t\t\t\t<\/div>\n\t\t\t\t<\/div>\n\t\t<div class=\"elementor-element elementor-element-4b7fedca e-con-full elementor-hidden-mobile e-flex e-con e-child\" data-id=\"4b7fedca\" data-element_type=\"container\">\n\t\t\t\t<div class=\"elementor-element elementor-element-3c805468 elementor-widget elementor-widget-image\" data-id=\"3c805468\" data-element_type=\"widget\" data-widget_type=\"image.default\">\n\t\t\t\t<div class=\"elementor-widget-container\">\n\t\t\t\t\t\t\t\t\t\t\t\t\t\t\t<img alt=\"\" loading=\"lazy\" decoding=\"async\" width=\"727\" height=\"520\" src=\"https:\/\/hazarmerjeni.travel\/wp-content\/uploads\/2025\/01\/darvaza-gas-crater-turkmenistan.jpg\" class=\"attachment-large size-large wp-image-144\" srcset=\"https:\/\/hazarmerjeni.travel\/wp-content\/uploads\/2025\/01\/darvaza-gas-crater-turkmenistan.jpg 727w, https:\/\/hazarmerjeni.travel\/wp-content\/uploads\/2025\/01\/darvaza-gas-crater-turkmenistan-300x215.jpg 300w\" sizes=\"(max-width: 727px) 100vw, 727px\" \/>\t\t\t\t\t\t\t\t\t\t\t\t\t\t\t<\/div>\n\t\t\t\t<\/div>\n\t\t\t\t<\/div>\n\t\t\t\t<\/div>\n\t\t\t\t\t<\/div>\n\t\t\t\t<\/div>\n\t\t\t\t<\/div>","protected":false},"excerpt":{"rendered":"<p>Reisen nach Turkmenistan Entdecken Sie unser sch\u00f6nes Land Entdecken Sie das versteckte Juwel Zentralasiens - Turkmenistan! Von den faszinierenden H\u00f6llentoren in der Karakum-W\u00fcste bis zur atemberaubenden Hauptstadt Aschgabat aus wei\u00dfem Marmor - dieses Land mit seiner alten Seidenstra\u00dfengeschichte und seinen atemberaubenden Landschaften wartet darauf, erkundet zu werden. Spazieren Sie durch die Ruinen von Merv, einem UNESCO [...]<\/p>","protected":false},"author":1,"featured_media":0,"parent":0,"menu_order":0,"comment_status":"closed","ping_status":"closed","template":"","meta":{"_acf_changed":false,"_seopress_robots_primary_cat":"","_seopress_titles_title":"About Turkmenistan \u2013 Discover the Wonders of Turkmenistan","_seopress_titles_desc":"Learn about Turkmenistan\u2019s rich history, culture, and stunning landscapes. From ancient cities to natural wonders, discover why this unique country should be your next travel destination.","_seopress_robots_index":"","footnotes":""},"class_list":["post-116","page","type-page","status-publish","hentry"],"acf":[],"_links":{"self":[{"href":"https:\/\/hazarmerjeni.travel\/de\/wp-json\/wp\/v2\/pages\/116","targetHints":{"allow":["GET"]}}],"collection":[{"href":"https:\/\/hazarmerjeni.travel\/de\/wp-json\/wp\/v2\/pages"}],"about":[{"href":"https:\/\/hazarmerjeni.travel\/de\/wp-json\/wp\/v2\/types\/page"}],"author":[{"embeddable":true,"href":"https:\/\/hazarmerjeni.travel\/de\/wp-json\/wp\/v2\/users\/1"}],"replies":[{"embeddable":true,"href":"https:\/\/hazarmerjeni.travel\/de\/wp-json\/wp\/v2\/comments?post=116"}],"version-history":[{"count":79,"href":"https:\/\/hazarmerjeni.travel\/de\/wp-json\/wp\/v2\/pages\/116\/revisions"}],"predecessor-version":[{"id":1222,"href":"https:\/\/hazarmerjeni.travel\/de\/wp-json\/wp\/v2\/pages\/116\/revisions\/1222"}],"wp:attachment":[{"href":"https:\/\/hazarmerjeni.travel\/de\/wp-json\/wp\/v2\/media?parent=116"}],"curies":[{"name":"wp","href":"https:\/\/api.w.org\/{rel}","templated":true}]}}